{"id":8354,"date":"2024-04-25T13:51:47","date_gmt":"2024-04-25T16:51:47","guid":{"rendered":"https:\/\/telectronica.com.uy\/?post_type=product&#038;p=8354"},"modified":"2025-05-15T11:53:26","modified_gmt":"2025-05-15T14:53:26","slug":"et40-45","status":"publish","type":"product","link":"https:\/\/telectronica.com.uy\/?product=et40-45","title":{"rendered":"Tablet ZEBRA ET40\/45"},"content":{"rendered":"<p>\u00bfTiene previsto adquirir tabletas para consumidores para su empresa porque el precio es atractivo y, si bien las caracter\u00edsticas no son ideales, son aptas para sus necesidades? Tiene que tener en cuenta los costos ocultos, como la funda para aumentar la durabilidad o un esc\u00e1ner para las tareas con muchos c\u00f3digos de barras. Si la durabilidad no es la adecuada, tendr\u00e1 que reemplazar las tabletas con mayor frecuencia. Como el ciclo de vida ser\u00e1 corto, tendr\u00e1 que lidiar con distintos modelos de productos; en consecuencia, el soporte ser\u00e1 m\u00e1s complejo y demandar\u00e1 m\u00e1s tiempo. Presentamos las tabletas ET40 y ET45, dispositivos empresariales y asequibles dise\u00f1ados para las empresas. Ofrecen todo lo que su empresa necesita desde el primer momento. Un dise\u00f1o delgado y liviano similar a los productos de consumidor, pero con resistencia comercial. Escaneo integrado de nivel empresarial. Las conexiones inal\u00e1mbricas m\u00e1s r\u00e1pidas. Un ciclo de vida de varios a\u00f1os. Nuevas y poderosas opciones de comunicaci\u00f3n. Nuevas soluciones que incorporan nuevas capacidades. Herramientas Mobility DNA exclusivas de Zebra que mejoran cada aspecto del ciclo de vida del producto. Y m\u00e1s. Tabletas empresariales ET40\/ET45: todo lo que necesita para sus negocios a un precio asequible.<\/p>\n<p>Adem\u00e1s de durar a\u00f1os, estas tabletas cuentan con seis a\u00f1os de soporte desde la fecha de compra inicial para que pueda trabajar tranquilo todos los d\u00edas. Los servicios de soporte opcionales OneCare Essential y Select de Zebra ofrecen todas las opciones necesarias para elegir el nivel de asistencia adecuado para su empresa. A diferencia de las tabletas de uso personal, Zebra se asegura de que el modelo adquirido est\u00e9 disponible durante tres a\u00f1os, una medida que simplifica el soporte de los dispositivos.<\/p>\n<p>Tareas m\u00e1s r\u00e1pidas y eficientes con las opciones m\u00e1s adecuadas para la actividad comercial.<\/p>\n<p><b>Elija el tama\u00f1o de la pantalla<\/b><\/p>\n<p>Elija la pantalla m\u00e1s adecuada para la tarea: una pantalla compacta de 8\u00a0pulgadas que facilita el transporte o una pantalla m\u00e1s grande de 10\u00a0pulgadas que facilita el acceso a la informaci\u00f3n en aplicaciones repletas de funciones.<\/p>\n<p><b>La conectividad inal\u00e1mbrica m\u00e1s r\u00e1pida que garantiza conexiones en cualquier lugar<\/b><\/p>\n<p>Obtenga velocidades wifi y celular m\u00e1s r\u00e1pidas con Wi-Fi\u00a06 y 5G. La tableta ET40 con conexi\u00f3n exclusiva por wifi es ideal para interiores en los sectores del comercio minorista y la hoteler\u00eda y el turismo, mientras que la tableta ET45 con conexi\u00f3n wifi y celular es ideal para conductores y espacios al aire libre. Conecte auriculares inal\u00e1mbricos, impresoras y otros dispositivos con Bluetooth para crear una soluci\u00f3n totalmente inal\u00e1mbrica. Habilite la localizaci\u00f3n GPS para llegar a destino, conocer el siguiente punto de entrega o averiguar la ubicaci\u00f3n del conductor. Adem\u00e1s, puede usar redes LTE privadas para obtener conectividad inal\u00e1mbrica rentable en las instalaciones m\u00e1s grandes, ya sea en exteriores o interiores, gracias a la compatibilidad con el servicio de radio de banda ancha ciudadana (CBRS, por sus siglas en ingl\u00e9s).<\/p>\n","protected":false},"excerpt":{"rendered":"<h3>Un buen retorno sobre la inversi\u00f3n que las hace rentables<\/h3>\n<h4><b>Resistentes y preparadas para la actividad comercial diaria<\/b><\/h4>\n<p>Las tabletas ET40 y ET45 se dise\u00f1aron por completo para las empresas, ya que garantizan un funcionamiento fiable. Resisten ca\u00eddas sobre baldosas y concreto. Puede usarlas dentro y fuera de las instalaciones, incluso en temperaturas altas y bajas. Puede empaparlas. No se romper\u00e1n. Si trabaja en entornos m\u00e1s hostiles, no se preocupe: puede a\u00f1adir la funda de protecci\u00f3n opcional para aumentar la durabilidad.<\/p>\n<p><b>Un ciclo de vida de nivel empresarial con disponibilidad y soporte garantizados<\/b><\/p>\n","protected":false},"featured_media":8832,"template":"","meta":{"inline_featured_image":false,"_joinchat":[]},"product_cat":[217,173],"product_tag":[162],"class_list":{"0":"post-8354","1":"product","2":"type-product","3":"status-publish","4":"has-post-thumbnail","6":"product_cat-zebra","7":"product_cat-tablets","8":"product_tag-zebra","10":"first","11":"instock","12":"featured","13":"shipping-taxable","14":"product-type-simple"},"_links":{"self":[{"href":"https:\/\/telectronica.com.uy\/index.php?rest_route=\/wp\/v2\/product\/8354","targetHints":{"allow":["GET"]}}],"collection":[{"href":"https:\/\/telectronica.com.uy\/index.php?rest_route=\/wp\/v2\/product"}],"about":[{"href":"https:\/\/telectronica.com.uy\/index.php?rest_route=\/wp\/v2\/types\/product"}],"wp:featuredmedia":[{"embeddable":true,"href":"https:\/\/telectronica.com.uy\/index.php?rest_route=\/wp\/v2\/media\/8832"}],"wp:attachment":[{"href":"https:\/\/telectronica.com.uy\/index.php?rest_route=%2Fwp%2Fv2%2Fmedia&parent=8354"}],"wp:term":[{"taxonomy":"product_cat","embeddable":true,"href":"https:\/\/telectronica.com.uy\/index.php?rest_route=%2Fwp%2Fv2%2Fproduct_cat&post=8354"},{"taxonomy":"product_tag","embeddable":true,"href":"https:\/\/telectronica.com.uy\/index.php?rest_route=%2Fwp%2Fv2%2Fproduct_tag&post=8354"}],"curies":[{"name":"wp","href":"https:\/\/api.w.org\/{rel}","templated":true}]}}