{"id":8352,"date":"2024-04-25T12:58:39","date_gmt":"2024-04-25T15:58:39","guid":{"rendered":"https:\/\/telectronica.com.uy\/?post_type=product&#038;p=8352"},"modified":"2025-01-31T15:20:33","modified_gmt":"2025-01-31T18:20:33","slug":"zd621","status":"publish","type":"product","link":"https:\/\/telectronica.com.uy\/?product=zd621","title":{"rendered":"Impresora de etiquetas ZEBRA ZD621"},"content":{"rendered":"<p>Necesita una impresora de primer nivel que est\u00e9 dise\u00f1ada para funcionar a la perfecci\u00f3n, d\u00eda tras d\u00eda. Conf\u00ede en las impresoras de escritorio ZD621 de Zebra, que constituyen un avance respecto de las populares impresoras de rendimiento comprobado de la Serie GX. No se conforme con menos. Obt\u00e9ngalo todo: una arquitectura nueva e innovadora para nuestro software y nuestras capacidades de impresi\u00f3n en constante expansi\u00f3n. Seguridad sin igual que evoluciona constantemente para proteger sus datos confidenciales y para protegerlo de los ciberataques. Caracter\u00edsticas mejoradas, comunicaci\u00f3n y opciones de administraci\u00f3n de materiales que puede a\u00f1adir cuando est\u00e9 listo. Pantalla t\u00e1ctil LCD a todo color opcional con men\u00fa intuitivo. Y mayores capacidades de administraci\u00f3n remota. Juntas, estas caracter\u00edsticas le brindan un rendimiento de impresi\u00f3n excepcional, a\u00f1os de uso \u00f3ptimo, fiabilidad l\u00edder en la industria, e inteligencia y seguridad incomparables. Todo lo que necesita en una impresora para mantener los flujos de trabajo en movimiento y hacer crecer su negocio.<\/p>\n<h3>Espere lo mejor<\/h3>\n<p>&nbsp;<\/p>\n<h4><b>Rendimiento de impresi\u00f3n de primer nivel<\/b><\/h4>\n<p>Conf\u00ede en la ZD621 para sus necesidades, d\u00eda tras d\u00eda. Desde una calidad de impresi\u00f3n extraordinaria hasta portabilidad para flexibilidad de aplicaciones, tecnolog\u00eda emergente y opciones instalables en el campo, la ZD621 se distingue de las dem\u00e1s. Porque se ofrece en modelos de impresi\u00f3n t\u00e9rmica directa, por transferencia t\u00e9rmica, sin soporte (linerless), para el cuidado de la salud y con RFID, la ZD621 se adapta a diversos casos de uso.<\/p>\n<p>F\u00e1cil de operar<\/p>\n<p><b>Sencilla de implementar, usar, administrar y proteger<\/b><\/p>\n<p>Con el respaldo del innovador paquete de software Print DNA<sup>TM<\/sup>\u00a0de Zebra, la ZD621 es incre\u00edblemente f\u00e1cil de operar. Implem\u00e9ntela en cualquier lugar con herramientas de configuraci\u00f3n, asistentes y capacidades de emulaci\u00f3n. La interfaz de usuario intuitiva es f\u00e1cil de usar con una capacitaci\u00f3n m\u00ednima y le permite consultar el estado de un vistazo gracias a los cinco \u00edconos LED. Aproveche las s\u00f3lidas capacidades de administraci\u00f3n remota que alivian el trabajo del sector de TI. Adem\u00e1s, la seguridad incorporada refuerza su infraestructura contra los ciberataques.<\/p>\n","protected":false},"excerpt":{"rendered":"<p>Necesita una impresora de primer nivel que est\u00e9 dise\u00f1ada para funcionar a la perfecci\u00f3n, d\u00eda tras d\u00eda. Conf\u00ede en las impresoras de escritorio ZD621 de Zebra, que constituyen un avance respecto de las populares impresoras de rendimiento comprobado de la Serie GX. No se conforme con menos. Obt\u00e9ngalo todo: una arquitectura nueva e innovadora para [&hellip;]<\/p>\n","protected":false},"featured_media":8353,"template":"","meta":{"inline_featured_image":false,"_joinchat":[]},"product_cat":[158,154,217],"product_tag":[162],"class_list":{"0":"post-8352","1":"product","2":"type-product","3":"status-publish","4":"has-post-thumbnail","6":"product_cat-escritorio","7":"product_cat-impresoras","8":"product_cat-zebra","9":"product_tag-zebra","11":"first","12":"instock","13":"featured","14":"shipping-taxable","15":"product-type-simple"},"_links":{"self":[{"href":"https:\/\/telectronica.com.uy\/index.php?rest_route=\/wp\/v2\/product\/8352","targetHints":{"allow":["GET"]}}],"collection":[{"href":"https:\/\/telectronica.com.uy\/index.php?rest_route=\/wp\/v2\/product"}],"about":[{"href":"https:\/\/telectronica.com.uy\/index.php?rest_route=\/wp\/v2\/types\/product"}],"wp:featuredmedia":[{"embeddable":true,"href":"https:\/\/telectronica.com.uy\/index.php?rest_route=\/wp\/v2\/media\/8353"}],"wp:attachment":[{"href":"https:\/\/telectronica.com.uy\/index.php?rest_route=%2Fwp%2Fv2%2Fmedia&parent=8352"}],"wp:term":[{"taxonomy":"product_cat","embeddable":true,"href":"https:\/\/telectronica.com.uy\/index.php?rest_route=%2Fwp%2Fv2%2Fproduct_cat&post=8352"},{"taxonomy":"product_tag","embeddable":true,"href":"https:\/\/telectronica.com.uy\/index.php?rest_route=%2Fwp%2Fv2%2Fproduct_tag&post=8352"}],"curies":[{"name":"wp","href":"https:\/\/api.w.org\/{rel}","templated":true}]}}