{"id":8348,"date":"2024-04-25T12:55:16","date_gmt":"2024-04-25T15:55:16","guid":{"rendered":"https:\/\/telectronica.com.uy\/?post_type=product&#038;p=8348"},"modified":"2024-12-19T09:16:44","modified_gmt":"2024-12-19T12:16:44","slug":"zxp","status":"publish","type":"product","link":"https:\/\/telectronica.com.uy\/?product=zxp","title":{"rendered":"Impresora de Tarjetas ZEBRA ZXP"},"content":{"rendered":"<p>Las impresoras de tarjetas por retransferencia ZXP Series 9&#x2122; ampl\u00edan la l\u00ednea de impresoras de Zebra y est\u00e1n especialmente dise\u00f1adas para aplicaciones de alta seguridad. Las impresoras tienen el m\u00e1s alto rendimiento del sector y permiten imprimir m\u00e1s tarjetas a mayor velocidad y con una calidad superior. Para obtener el m\u00e1ximo control, el usuario puede elegir el modo de calidad de impresi\u00f3n, que permite optimizar la velocidad de impresi\u00f3n o mejorar la calidad. Adem\u00e1s, el proceso de retransferencia simult\u00e1nea doble faz ofrece el mejor rendimiento en cuanto a impresi\u00f3n, codificaci\u00f3n y laminado.<\/p>\n<p>Suministros originales de Zebra<\/p>\n<p>Es fundamental elegir los suministros adecuados para sus impresoras de tarjetas: son el factor m\u00e1s importante para garantizar la fiabilidad, la uniformidad y la calidad de las impresiones. Los suministros originales de Zebra&#x2122; cumplen con normas de calidad exigentes. Nuestros suministros ofrecen resultados uniformes en cada trabajo de impresi\u00f3n y minimizan el desgaste de piezas importantes de la impresora. \u00bfEl resultado? Menores costos de mantenimiento a nivel general.<\/p>\n<p>Nuestras tarjetas de PVC y PVC compuesto tienen la garant\u00eda de cumplir con las normas ISO. Para garantizar la m\u00e1xima seguridad y funcionalidad, Zebra ofrece tarjetas con hologramas, bandas magn\u00e9ticas y chips inteligentes integrados a prueba de manipulaciones, que se pueden codificar a pedido con una impresora de tarjetas de Zebra. Puede usar el portafolio de tarjetas est\u00e1ndares o dise\u00f1ar una tarjeta personalizada y \u00fanica que represente mejor su marca o cumpla con las necesidades de seguridad de su organizaci\u00f3n.<\/p>\n<p>Calidad, fiabilidad, flexibilidad y velocidad<\/p>\n<p>Los sectores gubernamental, educativo, de comercio minorista y de hoteler\u00eda y turismo se caracterizan por su creciente atenci\u00f3n a la seguridad, necesidad de flexibilidad y demanda constante de eficiencia.<\/p>\n<p><b>Impresiones de alt\u00edsima calidad y velocidad<\/b><\/p>\n<p>Produzca tarjetas resistentes, duraderas y a prueba de manipulaciones con la mejor calidad de imagen fotogr\u00e1fica, colores vivos y uniformes, y una resoluci\u00f3n incre\u00edblemente n\u00edtida. Como dispone del m\u00e1s alto rendimiento del sector, podr\u00e1 imprimir tarjetas a mayor velocidad, incluso con laminado doble faz y codificaci\u00f3n.<\/p>\n","protected":false},"excerpt":{"rendered":"<h3>Servicios de Zebra OneCare<\/h3>\n<p>Seleccione un contrato de servicio de Zebra OneCare&#x2122; para aumentar el tiempo de actividad y reducir las p\u00e9rdidas de productividad y los costos de reparaci\u00f3n no presupuestados. Este contrato es una manera rentable de planificar y presupuestar sus gastos anuales de mantenimiento y le garantiza que los t\u00e9cnicos capacitados de Zebra\u00ae restaurar\u00e1n su impresora a las especificaciones originales de f\u00e1brica. Zebra le ofrece una variedad de planes a la medida de su presupuesto y sus necesidades comerciales.<\/p>\n","protected":false},"featured_media":8349,"template":"","meta":{"inline_featured_image":false,"_joinchat":[]},"product_cat":[154,196,217],"product_tag":[162],"class_list":{"0":"post-8348","1":"product","2":"type-product","3":"status-publish","4":"has-post-thumbnail","6":"product_cat-impresoras","7":"product_cat-tarjetas-impresoras","8":"product_cat-zebra","9":"product_tag-zebra","11":"first","12":"instock","13":"featured","14":"shipping-taxable","15":"product-type-simple"},"_links":{"self":[{"href":"https:\/\/telectronica.com.uy\/index.php?rest_route=\/wp\/v2\/product\/8348","targetHints":{"allow":["GET"]}}],"collection":[{"href":"https:\/\/telectronica.com.uy\/index.php?rest_route=\/wp\/v2\/product"}],"about":[{"href":"https:\/\/telectronica.com.uy\/index.php?rest_route=\/wp\/v2\/types\/product"}],"wp:featuredmedia":[{"embeddable":true,"href":"https:\/\/telectronica.com.uy\/index.php?rest_route=\/wp\/v2\/media\/8349"}],"wp:attachment":[{"href":"https:\/\/telectronica.com.uy\/index.php?rest_route=%2Fwp%2Fv2%2Fmedia&parent=8348"}],"wp:term":[{"taxonomy":"product_cat","embeddable":true,"href":"https:\/\/telectronica.com.uy\/index.php?rest_route=%2Fwp%2Fv2%2Fproduct_cat&post=8348"},{"taxonomy":"product_tag","embeddable":true,"href":"https:\/\/telectronica.com.uy\/index.php?rest_route=%2Fwp%2Fv2%2Fproduct_tag&post=8348"}],"curies":[{"name":"wp","href":"https:\/\/api.w.org\/{rel}","templated":true}]}}