{"id":8331,"date":"2024-04-25T12:35:31","date_gmt":"2024-04-25T15:35:31","guid":{"rendered":"https:\/\/telectronica.com.uy\/?post_type=product&#038;p=8331"},"modified":"2025-01-31T15:16:06","modified_gmt":"2025-01-31T18:16:06","slug":"tc15","status":"publish","type":"product","link":"https:\/\/telectronica.com.uy\/?product=tc15","title":{"rendered":"Colector ZEBRA TC15"},"content":{"rendered":"<p>La econom\u00eda a demanda est\u00e1 creando un volumen cada vez mayor de pedidos que deben entregarse cada vez m\u00e1s r\u00e1pido, incluso en el mismo d\u00eda. Para hacer frente a este desaf\u00edo, los trabajadores en cada punto de la cadena de suministros necesitan poder acceder y recolectar informaci\u00f3n f\u00e1cilmente. Usted necesita un dispositivo que est\u00e9 dise\u00f1ado para muchos entornos diferentes y distintos tipos de trabajo, desde transporte y log\u00edstica hasta el comercio minorista. Presentamos el dispositivo creado para cumplir con esas expectativas: la computadora m\u00f3vil TC15. Usted obtiene las caracter\u00edsticas que los trabajadores necesitan para hacer sus tareas m\u00e1s r\u00e1pido y con perfecta precisi\u00f3n. Un dise\u00f1o resistente que funciona de manera confiable dentro del establecimiento y en campo. Potencia que admite varias aplicaciones del flujo de trabajo sin inconvenientes. Una pantalla extragrande de 6,5\u00a0in para ver m\u00e1s informaci\u00f3n de un vistazo y sin tener que desplazarse tanto. Bater\u00eda para turno completo. Escaneo siempre confiable. Ergonom\u00eda inigualable. Todo en un dispositivo comprobado con tecnolog\u00eda comprobada\u2026 a un precio accesible como nunca antes.<\/p>\n<p>Mientras que su empresa se beneficiar\u00e1 de su dise\u00f1o resistente que ahorra costos, sus trabajadores se beneficiar\u00e1n de su dise\u00f1o sumamente ergon\u00f3mico. En un dispositivo con una pantalla grande de 6,5\u00a0in, el equilibrio es fundamental: el galardonado equipo de Dise\u00f1o Industrial de Zebra optimiz\u00f3 la distribuci\u00f3n del peso del modelo TC15 para que los usuarios puedan sostenerlo pr\u00e1cticamente sin esfuerzo. Y todos los puntos de contacto se han pensado al detalle: desde las esquinas redondeadas, el tama\u00f1o y la ubicaci\u00f3n de los botones hasta el dise\u00f1o especial del dorso texturado con ondas para facilitar el agarre.<\/p>\n<p><b>Costo de propiedad mucho menor que el de un tel\u00e9fono celular<\/b><\/p>\n<p>Los tel\u00e9fonos celulares de uso personal exigen mantenimiento m\u00e1s seguido y deben reemplazarse con mayor frecuencia debido a que carecen de durabilidad, y esto se ve reflejado en el costo total de propiedad. Si bien los tel\u00e9fonos celulares para el consumidor pueden costar la mitad que sus contrapartes resistentes, en cinco a\u00f1os, el tel\u00e9fono celular para el consumidor terminar\u00e1 costando casi 2,5 veces m\u00e1s en costos operativos, 2,5 veces m\u00e1s por la falta de productividad y casi 2 veces m\u00e1s en costos de soporte de TI.<\/p>\n","protected":false},"excerpt":{"rendered":"<h3>Esta computadora se construy\u00f3 para durar, pero tiene un costo total menor que el de un tel\u00e9fono celular<\/h3>\n<p>&nbsp;<\/p>\n<h4><b>El dispositivo resistente dise\u00f1ado para brindar durabilidad\u2026 y comodidad<\/b><\/h4>\n<p>La TC15 est\u00e1 dise\u00f1ada para las empresas, por dentro y por fuera. Es resistente al agua, al polvo y a las ca\u00eddas, e incluso soporta ca\u00eddas sobre una de las superficies m\u00e1s desafiantes: el concreto. Puede usarla en condiciones de calor abrasador o fr\u00edo helado, con lluvia o nieve. Dos de los elementos m\u00e1s vulnerables \u2014la pantalla y el visor del esc\u00e1ner\u2014 est\u00e1n reforzados con cristal resistente a rasgu\u00f1os con una hermosa superficie. \u00bfSus entornos son m\u00e1s exigentes? Simplemente a\u00f1ada la funda de protecci\u00f3n resistente para obtener a\u00fan m\u00e1s durabilidad.<\/p>\n","protected":false},"featured_media":8332,"template":"","meta":{"inline_featured_image":false,"_joinchat":[]},"product_cat":[179,217],"product_tag":[162],"class_list":{"0":"post-8331","1":"product","2":"type-product","3":"status-publish","4":"has-post-thumbnail","6":"product_cat-de-mano-multiproposito","7":"product_cat-zebra","8":"product_tag-zebra","10":"first","11":"instock","12":"featured","13":"shipping-taxable","14":"product-type-simple"},"_links":{"self":[{"href":"https:\/\/telectronica.com.uy\/index.php?rest_route=\/wp\/v2\/product\/8331","targetHints":{"allow":["GET"]}}],"collection":[{"href":"https:\/\/telectronica.com.uy\/index.php?rest_route=\/wp\/v2\/product"}],"about":[{"href":"https:\/\/telectronica.com.uy\/index.php?rest_route=\/wp\/v2\/types\/product"}],"wp:featuredmedia":[{"embeddable":true,"href":"https:\/\/telectronica.com.uy\/index.php?rest_route=\/wp\/v2\/media\/8332"}],"wp:attachment":[{"href":"https:\/\/telectronica.com.uy\/index.php?rest_route=%2Fwp%2Fv2%2Fmedia&parent=8331"}],"wp:term":[{"taxonomy":"product_cat","embeddable":true,"href":"https:\/\/telectronica.com.uy\/index.php?rest_route=%2Fwp%2Fv2%2Fproduct_cat&post=8331"},{"taxonomy":"product_tag","embeddable":true,"href":"https:\/\/telectronica.com.uy\/index.php?rest_route=%2Fwp%2Fv2%2Fproduct_tag&post=8331"}],"curies":[{"name":"wp","href":"https:\/\/api.w.org\/{rel}","templated":true}]}}