{"id":8276,"date":"2024-04-19T10:39:54","date_gmt":"2024-04-19T13:39:54","guid":{"rendered":"https:\/\/telectronica.com.uy\/?post_type=product&#038;p=8276"},"modified":"2025-01-31T16:14:01","modified_gmt":"2025-01-31T19:14:01","slug":"ribbon-de-cera-3nstar-110mm-x-74mts","status":"publish","type":"product","link":"https:\/\/telectronica.com.uy\/?product=ribbon-de-cera-3nstar-110mm-x-74mts","title":{"rendered":"Ribbon de Cera 3nStar"},"content":{"rendered":"<p>Ribbon de Cera 3nStar W05BK11074<\/p>\n<h3>RIBBON DE CERA<\/h3>\n<h6><b>IDEALES PARA LA MAYOR\u00cdA DE LAS APLICACIONES<\/b><\/h6>\n<p>Ideales para:<\/p>\n<ul>\n<li>Materiales de papel<\/li>\n<li>Altas velocidades de impresi\u00f3n (hasta 12\u00a0pps)<\/li>\n<li>Entornos con exposici\u00f3n a sustancias qu\u00edmicas o abrasi\u00f3n de nivel muy bajo o inexistente<\/li>\n<\/ul>\n","protected":false},"excerpt":{"rendered":"<p>Ribbon de Cera 3nStar W05BK11074 RIBBON DE CERA IDEALES PARA LA MAYOR\u00cdA DE LAS APLICACIONES Ideales para: Materiales de papel Altas velocidades de impresi\u00f3n (hasta 12\u00a0pps) Entornos con exposici\u00f3n a sustancias qu\u00edmicas o abrasi\u00f3n de nivel muy bajo o inexistente<\/p>\n","protected":false},"featured_media":8277,"template":"","meta":{"inline_featured_image":false,"_joinchat":[]},"product_cat":[168,160,228],"product_tag":[164,194],"class_list":{"0":"post-8276","1":"product","2":"type-product","3":"status-publish","4":"has-post-thumbnail","6":"product_cat-ribbons","7":"product_cat-insumos","8":"product_cat-3nstar","9":"product_tag-3nstar","10":"product_tag-ribbon","12":"first","13":"instock","14":"shipping-taxable","15":"product-type-simple"},"_links":{"self":[{"href":"https:\/\/telectronica.com.uy\/index.php?rest_route=\/wp\/v2\/product\/8276","targetHints":{"allow":["GET"]}}],"collection":[{"href":"https:\/\/telectronica.com.uy\/index.php?rest_route=\/wp\/v2\/product"}],"about":[{"href":"https:\/\/telectronica.com.uy\/index.php?rest_route=\/wp\/v2\/types\/product"}],"wp:featuredmedia":[{"embeddable":true,"href":"https:\/\/telectronica.com.uy\/index.php?rest_route=\/wp\/v2\/media\/8277"}],"wp:attachment":[{"href":"https:\/\/telectronica.com.uy\/index.php?rest_route=%2Fwp%2Fv2%2Fmedia&parent=8276"}],"wp:term":[{"taxonomy":"product_cat","embeddable":true,"href":"https:\/\/telectronica.com.uy\/index.php?rest_route=%2Fwp%2Fv2%2Fproduct_cat&post=8276"},{"taxonomy":"product_tag","embeddable":true,"href":"https:\/\/telectronica.com.uy\/index.php?rest_route=%2Fwp%2Fv2%2Fproduct_tag&post=8276"}],"curies":[{"name":"wp","href":"https:\/\/api.w.org\/{rel}","templated":true}]}}