{"id":8273,"date":"2024-04-19T10:33:41","date_gmt":"2024-04-19T13:33:41","guid":{"rendered":"https:\/\/telectronica.com.uy\/?post_type=product&#038;p=8273"},"modified":"2024-09-13T17:18:25","modified_gmt":"2024-09-13T20:18:25","slug":"rollo-de-papel-termico-continuo","status":"publish","type":"product","link":"https:\/\/telectronica.com.uy\/?product=rollo-de-papel-termico-continuo","title":{"rendered":"Rollo de papel termico continuo"},"content":{"rendered":"<p>Rollo de etiqueta T\u00e9rmico NO adhesivo para emisi\u00f3n de Ticket.<\/p>\n<p>Un rollo t\u00e9rmico es un papel especial recubierto con un qu\u00edmico que reacciona al calor. Esto hace que con la temperatura de una impresora t\u00e9rmica y sin necesidad de usar tinta.<\/p>\n<p>Puede utilizarse para impresoras de ticket de escritorio, impresoras port\u00e1tiles o POS.<\/p>\n<p>Medidas:<\/p>\n<p>-57x40mm &#8211; 20mts<br \/>\n-79x40mm &#8211; 20mts<br \/>\n-79x80mm &#8211; 78mts<\/p>\n","protected":false},"excerpt":{"rendered":"<p>Rollo de etiqueta T\u00e9rmico NO adhesivo para emisi\u00f3n de Ticket. Un rollo t\u00e9rmico es un papel especial recubierto con un qu\u00edmico que reacciona al calor. Esto hace que con la temperatura de una impresora t\u00e9rmica y sin necesidad de usar tinta. Puede utilizarse para impresoras de ticket de escritorio, impresoras port\u00e1tiles o POS. Medidas: -57x40mm [&hellip;]<\/p>\n","protected":false},"featured_media":8274,"template":"","meta":{"inline_featured_image":false,"_joinchat":[]},"product_cat":[211,160],"product_tag":[],"class_list":{"0":"post-8273","1":"product","2":"type-product","3":"status-publish","4":"has-post-thumbnail","6":"product_cat-rollo-termico","7":"product_cat-insumos","9":"first","10":"instock","11":"shipping-taxable","12":"product-type-simple"},"_links":{"self":[{"href":"https:\/\/telectronica.com.uy\/index.php?rest_route=\/wp\/v2\/product\/8273","targetHints":{"allow":["GET"]}}],"collection":[{"href":"https:\/\/telectronica.com.uy\/index.php?rest_route=\/wp\/v2\/product"}],"about":[{"href":"https:\/\/telectronica.com.uy\/index.php?rest_route=\/wp\/v2\/types\/product"}],"wp:featuredmedia":[{"embeddable":true,"href":"https:\/\/telectronica.com.uy\/index.php?rest_route=\/wp\/v2\/media\/8274"}],"wp:attachment":[{"href":"https:\/\/telectronica.com.uy\/index.php?rest_route=%2Fwp%2Fv2%2Fmedia&parent=8273"}],"wp:term":[{"taxonomy":"product_cat","embeddable":true,"href":"https:\/\/telectronica.com.uy\/index.php?rest_route=%2Fwp%2Fv2%2Fproduct_cat&post=8273"},{"taxonomy":"product_tag","embeddable":true,"href":"https:\/\/telectronica.com.uy\/index.php?rest_route=%2Fwp%2Fv2%2Fproduct_tag&post=8273"}],"curies":[{"name":"wp","href":"https:\/\/api.w.org\/{rel}","templated":true}]}}