{"id":8270,"date":"2024-04-19T10:22:15","date_gmt":"2024-04-19T13:22:15","guid":{"rendered":"https:\/\/telectronica.com.uy\/?post_type=product&#038;p=8270"},"modified":"2025-02-19T10:00:46","modified_gmt":"2025-02-19T13:00:46","slug":"rollo-continuo-de-poliamida","status":"publish","type":"product","link":"https:\/\/telectronica.com.uy\/?product=rollo-continuo-de-poliamida","title":{"rendered":"Rollo continuo de poliamida"},"content":{"rendered":"<p>La poliamida (PA) se trata de un pl\u00e1stico de fibra natural y sint\u00e9tica. Es posible generarla con una reacci\u00f3n qu\u00edmica debido a su compuesto de pol\u00edmero. En el sector es com\u00fanmente conocido como Nylon y se considera como un termopl\u00e1stico debido a sus propiedades.<\/p>\n<p>Material ideal para etiquetas de composici\u00f3n para la industria textil.<\/p>\n<p>Se imprimen con ribbon cera resina o resina seg\u00fan la duraci\u00f3n de impresi\u00f3n que se pretenda. Este material se puede coser a la ropa y soporta los lavados.<\/p>\n<p>Para impresoras Zebra, Datamax, Honeywell, TSC, Cognitive, Sato, Argox y otras.<\/p>\n<p>Seg\u00fan el tipo de prenda en el que se utilizar\u00e1n, estas etiquetas se pueden imprimir con ribbon de cera-resina, resina o resina doble.<\/p>\n<p>&nbsp;<\/p>\n<p>Medidas:<br \/>\n-25mm x 50mts<br \/>\n-25mm x 200mts<br \/>\n-35mm x 50mts<\/p>\n","protected":false},"excerpt":{"rendered":"<p>La poliamida (PA) se trata de un pl\u00e1stico de fibra natural y sint\u00e9tica. Es posible generarla con una reacci\u00f3n qu\u00edmica debido a su compuesto de pol\u00edmero. En el sector es com\u00fanmente conocido como Nylon y se considera como un termopl\u00e1stico debido a sus propiedades. Material ideal para etiquetas de composici\u00f3n para la industria textil. Se [&hellip;]<\/p>\n","protected":false},"featured_media":8271,"template":"","meta":{"inline_featured_image":false,"_joinchat":[]},"product_cat":[167,212,160],"product_tag":[],"class_list":{"0":"post-8270","1":"product","2":"type-product","3":"status-publish","4":"has-post-thumbnail","6":"product_cat-etiquetas","7":"product_cat-poliamida","8":"product_cat-insumos","10":"first","11":"instock","12":"shipping-taxable","13":"product-type-simple"},"_links":{"self":[{"href":"https:\/\/telectronica.com.uy\/index.php?rest_route=\/wp\/v2\/product\/8270","targetHints":{"allow":["GET"]}}],"collection":[{"href":"https:\/\/telectronica.com.uy\/index.php?rest_route=\/wp\/v2\/product"}],"about":[{"href":"https:\/\/telectronica.com.uy\/index.php?rest_route=\/wp\/v2\/types\/product"}],"wp:featuredmedia":[{"embeddable":true,"href":"https:\/\/telectronica.com.uy\/index.php?rest_route=\/wp\/v2\/media\/8271"}],"wp:attachment":[{"href":"https:\/\/telectronica.com.uy\/index.php?rest_route=%2Fwp%2Fv2%2Fmedia&parent=8270"}],"wp:term":[{"taxonomy":"product_cat","embeddable":true,"href":"https:\/\/telectronica.com.uy\/index.php?rest_route=%2Fwp%2Fv2%2Fproduct_cat&post=8270"},{"taxonomy":"product_tag","embeddable":true,"href":"https:\/\/telectronica.com.uy\/index.php?rest_route=%2Fwp%2Fv2%2Fproduct_tag&post=8270"}],"curies":[{"name":"wp","href":"https:\/\/api.w.org\/{rel}","templated":true}]}}