{"id":8237,"date":"2023-08-08T12:42:52","date_gmt":"2023-08-08T15:42:52","guid":{"rendered":"https:\/\/telectronica.com.uy\/?post_type=product&#038;p=8237"},"modified":"2025-01-31T16:19:06","modified_gmt":"2025-01-31T19:19:06","slug":"ribbon-cera-zebra-1600","status":"publish","type":"product","link":"https:\/\/telectronica.com.uy\/?product=ribbon-cera-zebra-1600","title":{"rendered":"Ribbon Cera ZEBRA 1600"},"content":{"rendered":"<p>Ribbon de Cera 1600BK11045<\/p>\n<p>Medida: 110mm x 450mts<\/p>\n<h3>CINTAS DE CERA<\/h3>\n<h6><b>IDEALES PARA LA MAYOR\u00cdA DE LAS APLICACIONES<\/b><\/h6>\n<p>Ideales para:<\/p>\n<ul>\n<li>Materiales de papel<\/li>\n<li>Altas velocidades de impresi\u00f3n (hasta 12\u00a0pps)<\/li>\n<li>Entornos con exposici\u00f3n a sustancias qu\u00edmicas o abrasi\u00f3n de nivel muy bajo o inexistente<\/li>\n<\/ul>\n","protected":false},"excerpt":{"rendered":"<p>Proporciona un buen rendimiento de impresi\u00f3n al mejor precio. Su funcionamiento es ideal para aplicaciones de etiquetado generales y a corto plazo.<\/p>\n","protected":false},"featured_media":8285,"template":"","meta":{"inline_featured_image":false,"_joinchat":[]},"product_cat":[205,168,160,217],"product_tag":[162],"class_list":{"0":"post-8237","1":"product","2":"type-product","3":"status-publish","4":"has-post-thumbnail","6":"product_cat-cera","7":"product_cat-ribbons","8":"product_cat-insumos","9":"product_cat-zebra","10":"product_tag-zebra","12":"first","13":"instock","14":"featured","15":"shipping-taxable","16":"product-type-simple"},"_links":{"self":[{"href":"https:\/\/telectronica.com.uy\/index.php?rest_route=\/wp\/v2\/product\/8237","targetHints":{"allow":["GET"]}}],"collection":[{"href":"https:\/\/telectronica.com.uy\/index.php?rest_route=\/wp\/v2\/product"}],"about":[{"href":"https:\/\/telectronica.com.uy\/index.php?rest_route=\/wp\/v2\/types\/product"}],"wp:featuredmedia":[{"embeddable":true,"href":"https:\/\/telectronica.com.uy\/index.php?rest_route=\/wp\/v2\/media\/8285"}],"wp:attachment":[{"href":"https:\/\/telectronica.com.uy\/index.php?rest_route=%2Fwp%2Fv2%2Fmedia&parent=8237"}],"wp:term":[{"taxonomy":"product_cat","embeddable":true,"href":"https:\/\/telectronica.com.uy\/index.php?rest_route=%2Fwp%2Fv2%2Fproduct_cat&post=8237"},{"taxonomy":"product_tag","embeddable":true,"href":"https:\/\/telectronica.com.uy\/index.php?rest_route=%2Fwp%2Fv2%2Fproduct_tag&post=8237"}],"curies":[{"name":"wp","href":"https:\/\/api.w.org\/{rel}","templated":true}]}}