{"id":8236,"date":"2023-08-08T12:37:06","date_gmt":"2023-08-08T15:37:06","guid":{"rendered":"https:\/\/telectronica.com.uy\/?post_type=product&#038;p=8236"},"modified":"2025-01-31T16:19:20","modified_gmt":"2025-01-31T19:19:20","slug":"ribbon-cera-resina-zebra-5586","status":"publish","type":"product","link":"https:\/\/telectronica.com.uy\/?product=ribbon-cera-resina-zebra-5586","title":{"rendered":"Ribbon Cera-Resina ZEBRA 5586"},"content":{"rendered":"<p>Ribbon de Cera-Resina Zebra 5586BK06045<\/p>\n<p>Medida: 60mm x 450mts<\/p>\n<p>Zebra 5586 Premium Wax-Resin es una cinta de cera\/resina de primera calidad que proporciona una calidad de impresi\u00f3n excepcional en una variedad de condiciones ambientales.\u00a0Brinda una excelente resistencia a las manchas y rayones en papel Zebra, muchos materiales sint\u00e9ticos Zebra, una variedad de papeles estucados y materiales sint\u00e9ticos mate.<\/p>\n","protected":false},"excerpt":{"rendered":"<p>Proporciona resistencia de muy buena calidad a rasgu\u00f1os y manchas, sustancias qu\u00edmicas de uso cotidiano y temperaturas altas, en comparaci\u00f3n con cintas de cera\/resina convencionales.<\/p>\n","protected":false},"featured_media":8234,"template":"","meta":{"inline_featured_image":false,"_joinchat":[]},"product_cat":[168,207,160,217],"product_tag":[162],"class_list":{"0":"post-8236","1":"product","2":"type-product","3":"status-publish","4":"has-post-thumbnail","6":"product_cat-ribbons","7":"product_cat-cera-resina","8":"product_cat-insumos","9":"product_cat-zebra","10":"product_tag-zebra","12":"first","13":"instock","14":"featured","15":"shipping-taxable","16":"product-type-simple"},"_links":{"self":[{"href":"https:\/\/telectronica.com.uy\/index.php?rest_route=\/wp\/v2\/product\/8236","targetHints":{"allow":["GET"]}}],"collection":[{"href":"https:\/\/telectronica.com.uy\/index.php?rest_route=\/wp\/v2\/product"}],"about":[{"href":"https:\/\/telectronica.com.uy\/index.php?rest_route=\/wp\/v2\/types\/product"}],"wp:featuredmedia":[{"embeddable":true,"href":"https:\/\/telectronica.com.uy\/index.php?rest_route=\/wp\/v2\/media\/8234"}],"wp:attachment":[{"href":"https:\/\/telectronica.com.uy\/index.php?rest_route=%2Fwp%2Fv2%2Fmedia&parent=8236"}],"wp:term":[{"taxonomy":"product_cat","embeddable":true,"href":"https:\/\/telectronica.com.uy\/index.php?rest_route=%2Fwp%2Fv2%2Fproduct_cat&post=8236"},{"taxonomy":"product_tag","embeddable":true,"href":"https:\/\/telectronica.com.uy\/index.php?rest_route=%2Fwp%2Fv2%2Fproduct_tag&post=8236"}],"curies":[{"name":"wp","href":"https:\/\/api.w.org\/{rel}","templated":true}]}}