{"id":8225,"date":"2023-08-08T11:56:51","date_gmt":"2023-08-08T14:56:51","guid":{"rendered":"https:\/\/telectronica.com.uy\/?post_type=product&#038;p=8225"},"modified":"2025-01-31T16:20:26","modified_gmt":"2025-01-31T19:20:26","slug":"ribbon-resina-zebra-5095","status":"publish","type":"product","link":"https:\/\/telectronica.com.uy\/?product=ribbon-resina-zebra-5095","title":{"rendered":"Ribbon Resina ZEBRA 5095"},"content":{"rendered":"<p>Ribbon de resina Zebra 5095GS06407<\/p>\n<p>Medida: 64mm x 74mts<\/p>\n<p>La calidad de las cintas t\u00e9rmicas afecta desde el desempe\u00f1o de la etiqueta hasta la vida \u00fatil del cabezal de impresi\u00f3n y la productividad de las operaciones. Puede contar con el desempe\u00f1o pr\u00e9mium y uniforme de las cintas de resina 5095 de Zebra. La cinta de alto desempe\u00f1o brinda una excelente resistencia t\u00e9rmica y qu\u00edmica y otorga una excelente calidad de impresi\u00f3n, incluso con fuentes peque\u00f1as, gr\u00e1ficos y c\u00f3digos de barras girados. Cuenta con la aprobaci\u00f3n UL\/cUL para uso con materiales de etiquetas Zebra seleccionados.<\/p>\n<p><b>Desempe\u00f1o uniformemente excepcional de los suministros certificados de Zebra<\/b><\/p>\n<p>Las cintas Zebra pasan pruebas rigurosas para garantizar el desempe\u00f1o. Nuestro equipo de Investigaci\u00f3n y Desarrollo de suministros realiza estrictas pruebas de calidad de impresi\u00f3n, durabilidad y vida \u00fatil del cabezal de impresi\u00f3n en una amplia variedad de materiales y a distintas velocidades en impresoras de Zebra. El resultado es un tiempo de actividad m\u00e1ximo de la impresora y etiquetas escaneables. Como empresa con certificaci\u00f3n ISO\u00a09001, cumplimos con procesos uniformes y nunca sustituimos con alternativas. De manera que puede contar con la misma formulaci\u00f3n superior y el mismo desempe\u00f1o cada vez que hace un pedido.<\/p>\n<p><b>Zebra ZipShip: en los estantes y listo para enviar<\/b><\/p>\n<p>\u00bfNecesita una cinta r\u00e1pidamente? La cinta de resina 5095 es parte de nuestro programa Zebra ZipShip: en los estantes y listo para env\u00edo inmediato. Obtiene env\u00edo r\u00e1pido y el pedido m\u00ednimo es de solo una caja.<\/p>\n<p><b>Excelente resistencia t\u00e9rmica y qu\u00edmica<\/b><\/p>\n<p>Nuestra formulaci\u00f3n de la cinta de resina de alto desempe\u00f1o produce im\u00e1genes resistentes a la mayor\u00eda de los entornos hostiles cuando se imprimen en materiales sint\u00e9ticos de etiquetado Zebra, lo que incluye manchas, humedad, abrasi\u00f3n, temperaturas extremas y qu\u00edmicos.<\/p>\n","protected":false},"excerpt":{"rendered":"<p>Proporciona excelente resistencia a sustancias qu\u00edmicas y temperaturas, y ofrece impresiones de calidad superior, sobre todo cuando necesite impresiones de fuentes peque\u00f1as, gr\u00e1ficos y c\u00f3digos de barras girados.<\/p>\n","protected":false},"featured_media":8289,"template":"","meta":{"inline_featured_image":false,"_joinchat":[]},"product_cat":[168,206,160,217],"product_tag":[162],"class_list":{"0":"post-8225","1":"product","2":"type-product","3":"status-publish","4":"has-post-thumbnail","6":"product_cat-ribbons","7":"product_cat-resina","8":"product_cat-insumos","9":"product_cat-zebra","10":"product_tag-zebra","12":"first","13":"instock","14":"featured","15":"shipping-taxable","16":"product-type-simple"},"_links":{"self":[{"href":"https:\/\/telectronica.com.uy\/index.php?rest_route=\/wp\/v2\/product\/8225","targetHints":{"allow":["GET"]}}],"collection":[{"href":"https:\/\/telectronica.com.uy\/index.php?rest_route=\/wp\/v2\/product"}],"about":[{"href":"https:\/\/telectronica.com.uy\/index.php?rest_route=\/wp\/v2\/types\/product"}],"wp:featuredmedia":[{"embeddable":true,"href":"https:\/\/telectronica.com.uy\/index.php?rest_route=\/wp\/v2\/media\/8289"}],"wp:attachment":[{"href":"https:\/\/telectronica.com.uy\/index.php?rest_route=%2Fwp%2Fv2%2Fmedia&parent=8225"}],"wp:term":[{"taxonomy":"product_cat","embeddable":true,"href":"https:\/\/telectronica.com.uy\/index.php?rest_route=%2Fwp%2Fv2%2Fproduct_cat&post=8225"},{"taxonomy":"product_tag","embeddable":true,"href":"https:\/\/telectronica.com.uy\/index.php?rest_route=%2Fwp%2Fv2%2Fproduct_tag&post=8225"}],"curies":[{"name":"wp","href":"https:\/\/api.w.org\/{rel}","templated":true}]}}