{"id":8223,"date":"2023-08-08T11:49:23","date_gmt":"2023-08-08T14:49:23","guid":{"rendered":"https:\/\/telectronica.com.uy\/?post_type=product&#038;p=8223"},"modified":"2025-01-31T16:20:38","modified_gmt":"2025-01-31T19:20:38","slug":"ribbon-resina-zebra","status":"publish","type":"product","link":"https:\/\/telectronica.com.uy\/?product=ribbon-resina-zebra","title":{"rendered":"Ribbon Resina ZEBRA 6200"},"content":{"rendered":"<p>Ribbon Zebra de resina 6200GS11007<\/p>\n<p>Medida: 110mm x 64mts<\/p>\n<p>Demuestra una alta calidad de impresi\u00f3n en c\u00f3digos de barras densos y gr\u00e1ficos de alta resoluci\u00f3n y funciona perfectamente en entornos expuestos a sustancias qu\u00edmicas agresivas y mucha abrasi\u00f3n.<\/p>\n","protected":false},"excerpt":{"rendered":"<h3>CINTAS DE RESINA<\/h3>\n<h6><b>CALIDAD Y DURABILIDAD DE IMPRESI\u00d3N SIN IGUAL<\/b><\/h6>\n<p>Ideales para:<\/p>\n<ul>\n<li>Todos los materiales sint\u00e9ticos y algunas etiquetas e identificadores con recubrimiento<\/li>\n<li>Entornos con exposici\u00f3n a sustancias qu\u00edmicas de nivel severo a extremo<\/li>\n<li>Aplicaciones que requieren mucha resistencia a temperaturas extremadamente altas y a entornos dif\u00edciles en exteriores<\/li>\n<\/ul>\n","protected":false},"featured_media":8290,"template":"","meta":{"inline_featured_image":false,"_joinchat":[]},"product_cat":[168,206,160,217],"product_tag":[162],"class_list":{"0":"post-8223","1":"product","2":"type-product","3":"status-publish","4":"has-post-thumbnail","6":"product_cat-ribbons","7":"product_cat-resina","8":"product_cat-insumos","9":"product_cat-zebra","10":"product_tag-zebra","12":"first","13":"instock","14":"featured","15":"shipping-taxable","16":"product-type-simple"},"_links":{"self":[{"href":"https:\/\/telectronica.com.uy\/index.php?rest_route=\/wp\/v2\/product\/8223","targetHints":{"allow":["GET"]}}],"collection":[{"href":"https:\/\/telectronica.com.uy\/index.php?rest_route=\/wp\/v2\/product"}],"about":[{"href":"https:\/\/telectronica.com.uy\/index.php?rest_route=\/wp\/v2\/types\/product"}],"wp:featuredmedia":[{"embeddable":true,"href":"https:\/\/telectronica.com.uy\/index.php?rest_route=\/wp\/v2\/media\/8290"}],"wp:attachment":[{"href":"https:\/\/telectronica.com.uy\/index.php?rest_route=%2Fwp%2Fv2%2Fmedia&parent=8223"}],"wp:term":[{"taxonomy":"product_cat","embeddable":true,"href":"https:\/\/telectronica.com.uy\/index.php?rest_route=%2Fwp%2Fv2%2Fproduct_cat&post=8223"},{"taxonomy":"product_tag","embeddable":true,"href":"https:\/\/telectronica.com.uy\/index.php?rest_route=%2Fwp%2Fv2%2Fproduct_tag&post=8223"}],"curies":[{"name":"wp","href":"https:\/\/api.w.org\/{rel}","templated":true}]}}