{"id":8221,"date":"2023-07-25T12:03:45","date_gmt":"2023-07-25T15:03:45","guid":{"rendered":"https:\/\/telectronica.com.uy\/?post_type=product&#038;p=8221"},"modified":"2024-12-19T09:17:38","modified_gmt":"2024-12-19T12:17:38","slug":"zc300","status":"publish","type":"product","link":"https:\/\/telectronica.com.uy\/?product=zc300","title":{"rendered":"Impresora de tarjetas ZEBRA ZC300"},"content":{"rendered":"<p>Cualquiera sea el tipo de tarjeta que necesite imprimir (desde credenciales de identificaci\u00f3n y acceso hasta tarjetas para socios, de invitaci\u00f3n a un evento, de cr\u00e9dito y d\u00e9bito), la impresora\u00a0ZC300 lo ayudar\u00e1 a hacerlo mejor, m\u00e1s r\u00e1pido y con menos dificultades. Si puede so\u00f1arlo, puede imprimirlo: de una cara o de doble cara, a color, en blanco y negro, o met\u00e1lico. Hasta puede incorporar marcas de seguridad en el momento: esta es la primera impresora de este punto de precio que permite hacerlo. Agregue una banda magn\u00e9tica o cree una tarjeta de contacto o sin contacto. La complejidad de las tarjetas no importa, la impresora ZC300 permite imprimirlas sin dificultad. El equipo de dise\u00f1o industrial de Zebra ha dise\u00f1ado la impresora\u00a0ZC300 con un estilo elegante que permite abordar y eliminar casi todas las dificultades asociadas a la impresi\u00f3n de tarjetas. Adem\u00e1s, gracias al dise\u00f1o innovador que se adapta a cualquier entorno, puede imprimir tarjetas de forma segura donde lo necesite.<\/p>\n<p><b>El nuevo e ingenioso alimentador de tarjetas maneja tarjetas de diversos grosores al instante<\/b><\/p>\n<p>El alimentador de tarjetas se ajusta al instante al grosor de cada tarjeta, sin necesidad de hacer modificaciones para distintos tipos de tarjetas.<\/p>\n<p><b>Implementaci\u00f3n plug and play sencilla<\/b><\/p>\n<p>La ZC300 est\u00e1 dise\u00f1ada para poder usarse al instante. Su implementaci\u00f3n no es complicada ni lleva mucho tiempo: simplemente ench\u00fafela y comience a disfrutar de los beneficios en cuanto reciba su impresora.<\/p>\n<p><b>Nuevo e innovador controlador con interfaz de usuario gr\u00e1fica<\/b><\/p>\n<p>Con la interfaz intuitiva del controlador dise\u00f1ado recientemente, es m\u00e1s f\u00e1cil que nunca imprimir tarjetas. Los ajustes se agrupan de forma l\u00f3gica en pesta\u00f1as a las que se puede acceder f\u00e1cilmente con un clic. La visualizaci\u00f3n de su tarjeta hace que imprimir tarjetas monocrom\u00e1ticas simples y tarjetas a color complejas sea igual de sencillo, ya que le permite ver c\u00f3mo luce su tarjeta al instante y, as\u00ed, eliminar el tiempo y los costos de imprimir tarjetas de prueba una y otra vez.<\/p>\n<p><b>Recipiente con nuevo dise\u00f1o revolucionario<\/b><\/p>\n<p>El dise\u00f1o completamente nuevo del recipiente permite que la carga y descarga de tarjetas sea m\u00e1s f\u00e1cil que nunca. Con las puertas de salida dobles, no hay nada que abrir. Simplemente tome una tarjeta o todas las que haya. Y los recipientes de entrada y salida tienen la misma capacidad, para reducir la necesidad de rellenarlos y vaciarlos.<\/p>\n<p><b>Cambio de cintas sencillo<\/b><\/p>\n<p>Nunca fue tan simple y sencillo cambiar una cinta; no hacen falta instrucciones. El nuevo dise\u00f1o de la puerta de las cintas con pestillo se abre y cierra con un solo movimiento. Con el exclusivo agarre estilo manija de puerta, es f\u00e1cil descubrir c\u00f3mo quitar o insertar la cinta. Y, con los chips inteligentes integrados, siempre sabr\u00e1 cu\u00e1ndo cambiar la cinta.<\/p>\n","protected":false},"excerpt":{"rendered":"<p>La ZC300 ofrece \u00edconos sumamente intuitivos bien probados, animaciones y mensajes de texto en su propio idioma, para permitir que cualquier usuario entienda con facilidad lo que la impresora necesita y c\u00f3mo llevar a cabo casi cualquier funci\u00f3n, lo que incluye c\u00f3mo solucionar un atasco de la impresora, corregir una cinta, cargar una cinta o tarjetas, y m\u00e1s.<\/p>\n","protected":false},"featured_media":8492,"template":"","meta":{"inline_featured_image":false,"_joinchat":[]},"product_cat":[154,196,216,217],"product_tag":[162],"class_list":{"0":"post-8221","1":"product","2":"type-product","3":"status-publish","4":"has-post-thumbnail","6":"product_cat-impresoras","7":"product_cat-tarjetas-impresoras","8":"product_cat-de-uso-hospitalario","9":"product_cat-zebra","10":"product_tag-zebra","12":"first","13":"instock","14":"featured","15":"shipping-taxable","16":"product-type-simple"},"_links":{"self":[{"href":"https:\/\/telectronica.com.uy\/index.php?rest_route=\/wp\/v2\/product\/8221","targetHints":{"allow":["GET"]}}],"collection":[{"href":"https:\/\/telectronica.com.uy\/index.php?rest_route=\/wp\/v2\/product"}],"about":[{"href":"https:\/\/telectronica.com.uy\/index.php?rest_route=\/wp\/v2\/types\/product"}],"wp:featuredmedia":[{"embeddable":true,"href":"https:\/\/telectronica.com.uy\/index.php?rest_route=\/wp\/v2\/media\/8492"}],"wp:attachment":[{"href":"https:\/\/telectronica.com.uy\/index.php?rest_route=%2Fwp%2Fv2%2Fmedia&parent=8221"}],"wp:term":[{"taxonomy":"product_cat","embeddable":true,"href":"https:\/\/telectronica.com.uy\/index.php?rest_route=%2Fwp%2Fv2%2Fproduct_cat&post=8221"},{"taxonomy":"product_tag","embeddable":true,"href":"https:\/\/telectronica.com.uy\/index.php?rest_route=%2Fwp%2Fv2%2Fproduct_tag&post=8221"}],"curies":[{"name":"wp","href":"https:\/\/api.w.org\/{rel}","templated":true}]}}