{"id":8219,"date":"2023-07-25T12:01:48","date_gmt":"2023-07-25T15:01:48","guid":{"rendered":"https:\/\/telectronica.com.uy\/?post_type=product&#038;p=8219"},"modified":"2024-12-19T09:17:56","modified_gmt":"2024-12-19T12:17:56","slug":"zc100","status":"publish","type":"product","link":"https:\/\/telectronica.com.uy\/?product=zc100","title":{"rendered":"Impresora de tarjetas ZEBRA ZC100"},"content":{"rendered":"<p>La impresi\u00f3n de tarjetas es esencial para sus negocios, ya sea que necesite imprimir tarjetas de identificaci\u00f3n para empleados de una cara o tarjetas para socios y de invitaci\u00f3n a un evento. La flexibilidad de implementaci\u00f3n y el tiempo que le toma imprimir y administrar sus soluciones de impresi\u00f3n de tarjetas influyen en sus actividades comerciales, desde la imagen de su marca hasta la productividad del personal, la eficacia operativa en general y los costos operativos. Ahora cuenta con un nuevo tipo de impresora de tarjetas dise\u00f1ada para todas estas aplicaciones: la impresora ZC100. Con la ZC100, obtiene un funcionamiento simple, pero innovador, y el dise\u00f1o m\u00e1s delgado que se adapta a cualquier entorno, adem\u00e1s de un conjunto de capacidades adicionales que hacen que sea m\u00e1s f\u00e1cil de integrar, usar y administrar.<\/p>\n<p><b>El nuevo e ingenioso alimentador de tarjetas maneja tarjetas de diversos grosores al instante<\/b><\/p>\n<p>El alimentador de tarjetas se ajusta al instante al grosor de cada tarjeta, sin necesidad de hacer modificaciones para distintos tipos de tarjetas.<\/p>\n<p><b>Los LED m\u00e1s intuitivos<\/b><\/p>\n<p>Con nuestros \u00edconos intuitivos debidamente probados, con solo una mirada, sus usuarios ver\u00e1n el estado de la ZC100.<\/p>\n<p><b>Nuevo e innovador controlador con interfaz de usuario gr\u00e1fica<\/b><\/p>\n<p>Con la interfaz intuitiva del controlador dise\u00f1ado recientemente, es m\u00e1s f\u00e1cil que nunca imprimir tarjetas. Los ajustes se agrupan de forma l\u00f3gica en pesta\u00f1as a las que se puede acceder f\u00e1cilmente con un clic. La visualizaci\u00f3n de su tarjeta le permite ver c\u00f3mo esta luce al instante y c\u00f3mo los cambios de la configuraci\u00f3n afectan su dise\u00f1o y, as\u00ed, eliminar el tiempo y los costos de imprimir tarjetas de prueba una y otra vez.<\/p>\n<p><b>Recipiente con nuevo dise\u00f1o revolucionario<\/b><\/p>\n<p>El dise\u00f1o completamente nuevo del recipiente permite que la carga y descarga de tarjetas sea m\u00e1s f\u00e1cil que nunca. Con las puertas de salida dobles, no hay nada que abrir. Simplemente tome una tarjeta o todas las que haya. Y los recipientes de entrada y salida tienen la misma capacidad, para reducir la necesidad de rellenarlos y vaciarlos.<\/p>\n<p><b>Cambio de cintas sencillo<\/b><\/p>\n<p>Nunca fue tan simple y sencillo cambiar una cinta; no hacen falta instrucciones. Desbloquee y abra el pestillo de la puerta de las cintas de dise\u00f1o renovado con un solo movimiento. Con el exclusivo agarre estilo manija de puerta, es f\u00e1cil descubrir c\u00f3mo quitar o insertar la cinta. Y, con los chips inteligentes integrados, siempre sabr\u00e1 cu\u00e1ndo cambiar la cinta.<\/p>\n","protected":false},"excerpt":{"rendered":"<p>La ZC100 est\u00e1 dise\u00f1ada para poder usarse al instante. Su implementaci\u00f3n no es complicada ni lleva mucho tiempo: simplemente ench\u00fafela y comience a disfrutar de los beneficios en cuanto reciba su impresora.<\/p>\n","protected":false},"featured_media":8220,"template":"","meta":{"inline_featured_image":false,"_joinchat":[]},"product_cat":[154,196,216,217],"product_tag":[162],"class_list":{"0":"post-8219","1":"product","2":"type-product","3":"status-publish","4":"has-post-thumbnail","6":"product_cat-impresoras","7":"product_cat-tarjetas-impresoras","8":"product_cat-de-uso-hospitalario","9":"product_cat-zebra","10":"product_tag-zebra","12":"first","13":"instock","14":"featured","15":"shipping-taxable","16":"product-type-simple"},"_links":{"self":[{"href":"https:\/\/telectronica.com.uy\/index.php?rest_route=\/wp\/v2\/product\/8219","targetHints":{"allow":["GET"]}}],"collection":[{"href":"https:\/\/telectronica.com.uy\/index.php?rest_route=\/wp\/v2\/product"}],"about":[{"href":"https:\/\/telectronica.com.uy\/index.php?rest_route=\/wp\/v2\/types\/product"}],"wp:featuredmedia":[{"embeddable":true,"href":"https:\/\/telectronica.com.uy\/index.php?rest_route=\/wp\/v2\/media\/8220"}],"wp:attachment":[{"href":"https:\/\/telectronica.com.uy\/index.php?rest_route=%2Fwp%2Fv2%2Fmedia&parent=8219"}],"wp:term":[{"taxonomy":"product_cat","embeddable":true,"href":"https:\/\/telectronica.com.uy\/index.php?rest_route=%2Fwp%2Fv2%2Fproduct_cat&post=8219"},{"taxonomy":"product_tag","embeddable":true,"href":"https:\/\/telectronica.com.uy\/index.php?rest_route=%2Fwp%2Fv2%2Fproduct_tag&post=8219"}],"curies":[{"name":"wp","href":"https:\/\/api.w.org\/{rel}","templated":true}]}}