{"id":8215,"date":"2023-07-25T11:55:10","date_gmt":"2023-07-25T14:55:10","guid":{"rendered":"https:\/\/telectronica.com.uy\/?post_type=product&#038;p=8215"},"modified":"2025-01-31T15:21:24","modified_gmt":"2025-01-31T18:21:24","slug":"zd421","status":"publish","type":"product","link":"https:\/\/telectronica.com.uy\/?product=zd421","title":{"rendered":"Impresora de etiquetas ZEBRA ZD421"},"content":{"rendered":"<p>Usted necesita una impresora confiable que ofrezca un rendimiento de calidad, ahora y durante muchos a\u00f1os. Debe ofrecer caracter\u00edsticas clave y ser f\u00e1cil de configurar, operar, administrar y mantener, en el sitio o de forma remota. Debe ser segura, ya sea que est\u00e9 o no integrada a su red, a fin de evitar tiempos de inactividad y costosos ciberataques. Usted lo necesita. Zebra se lo ofrece, desde hace m\u00e1s de 50\u00a0a\u00f1os. Dise\u00f1amos nuestras impresoras para que se adapten a sus flujos de trabajo, y nos aseguramos de que no tengan problemas y est\u00e9n listas para funcionar. D\u00eda tras d\u00eda. Innovamos constantemente para ofrecerle lo mejor y ayudarlo a hacer avanzar su negocio y estar listo para el futuro. Sobre la base del legado de la popular Serie GK de Zebra, las impresoras ZD421 a\u00f1aden a\u00fan m\u00e1s capacidades y medidas de seguridad para suplir sus necesidades durante a\u00f1os.<\/p>\n<h3>F\u00c1CIL DE USAR<\/h3>\n<p><b>Operaci\u00f3n poderosa e intuitiva<\/b><\/p>\n<p>La ZD421 ofrece caracter\u00edsticas nuevas y avanzadas que la distinguen del resto. Incluye una nueva interfaz de usuario m\u00e1s intuitiva, una arquitectura potente y un kit inal\u00e1mbrico actualizable en el campo. Tambi\u00e9n cuenta con nuevos dise\u00f1os de gu\u00eda y administraci\u00f3n de materiales que facilitan a\u00fan m\u00e1s la operaci\u00f3n diaria.<\/p>\n<h3>FLEXIBLE PARA ADMITIR PR\u00c1CTICAMENTE CUALQUIER USO<\/h3>\n<p><b>Varios modelos para adaptarse a sus necesidades<\/b><\/p>\n<p>Porque se ofrece en modelos de impresi\u00f3n t\u00e9rmica directa, por transferencia t\u00e9rmica, para el cuidado de la salud y con cartucho de cinta, la ZD421 se adapta a diversos casos de uso y requisitos.<\/p>\n<h3>LISTA PARA LOS RETOS DEL FUTURO<\/h3>\n<p><b>Obtenga a\u00f1os de rendimiento de impresi\u00f3n<\/b><\/p>\n<p>La ZD421 est\u00e1 dise\u00f1ada para adaptarse a la tecnolog\u00eda cambiante. Con su arquitectura innovadora, est\u00e1 dise\u00f1ada para la impresi\u00f3n del futuro. En comparaci\u00f3n, es un 30\u00a0% m\u00e1s potente que la Serie ZD420 y un 700\u00a0% m\u00e1s potente que la Serie GK. Esto le permite ejecutar m\u00e1s tareas, realizar m\u00e1s operaciones en simult\u00e1neo, mantenga la seguridad y est\u00e9 preparado para lo que vendr\u00e1.<\/p>\n","protected":false},"excerpt":{"rendered":"<p>La ZD421 se basa en el legado de las impresoras de la Serie GK de Zebra y le ofrece no solo las funciones y capacidades de su predecesora, sino mucho m\u00e1s. La ZD421 de pr\u00f3xima generaci\u00f3n aprovecha este legado para ofrecer caracter\u00edsticas avanzadas con miras a una nueva era de inteligencia y flexibilidad avanzada.<\/p>\n","protected":false},"featured_media":8216,"template":"","meta":{"inline_featured_image":false,"_joinchat":[]},"product_cat":[158,154,217],"product_tag":[162],"class_list":{"0":"post-8215","1":"product","2":"type-product","3":"status-publish","4":"has-post-thumbnail","6":"product_cat-escritorio","7":"product_cat-impresoras","8":"product_cat-zebra","9":"product_tag-zebra","11":"first","12":"instock","13":"featured","14":"shipping-taxable","15":"product-type-simple"},"_links":{"self":[{"href":"https:\/\/telectronica.com.uy\/index.php?rest_route=\/wp\/v2\/product\/8215","targetHints":{"allow":["GET"]}}],"collection":[{"href":"https:\/\/telectronica.com.uy\/index.php?rest_route=\/wp\/v2\/product"}],"about":[{"href":"https:\/\/telectronica.com.uy\/index.php?rest_route=\/wp\/v2\/types\/product"}],"wp:featuredmedia":[{"embeddable":true,"href":"https:\/\/telectronica.com.uy\/index.php?rest_route=\/wp\/v2\/media\/8216"}],"wp:attachment":[{"href":"https:\/\/telectronica.com.uy\/index.php?rest_route=%2Fwp%2Fv2%2Fmedia&parent=8215"}],"wp:term":[{"taxonomy":"product_cat","embeddable":true,"href":"https:\/\/telectronica.com.uy\/index.php?rest_route=%2Fwp%2Fv2%2Fproduct_cat&post=8215"},{"taxonomy":"product_tag","embeddable":true,"href":"https:\/\/telectronica.com.uy\/index.php?rest_route=%2Fwp%2Fv2%2Fproduct_tag&post=8215"}],"curies":[{"name":"wp","href":"https:\/\/api.w.org\/{rel}","templated":true}]}}