{"id":8209,"date":"2023-07-25T11:48:14","date_gmt":"2023-07-25T14:48:14","guid":{"rendered":"https:\/\/telectronica.com.uy\/?post_type=product&#038;p=8209"},"modified":"2024-12-19T09:19:09","modified_gmt":"2024-12-19T12:19:09","slug":"cd350","status":"publish","type":"product","link":"https:\/\/telectronica.com.uy\/?product=cd350","title":{"rendered":"Gaveta de dinero 3NSTAR CD350"},"content":{"rendered":"<h3 class=\"fusion-woocommerce-tab-title fusion-responsive-typography-calculated\" data-fontsize=\"20\" data-lineheight=\"37.6px\">Descripci\u00f3n<\/h3>\n<p>La gaveta CD350 de 3nStar constituye una soluci\u00f3n robusta y segura. La integraci\u00f3n con impresoras de recibos es sumamente sencilla y el desempe\u00f1o mec\u00e1nico excelente.<\/p>\n<p><strong>Caracter\u00edsticas:<\/strong><\/p>\n<ul>\n<li>Caja electr\u00f3nica<\/li>\n<li>Dimensiones (Pulgadas):\u00a0 \u00a03.9\u2033 (H) x 16.1\u2033 (W) x 16.5\u2033 (D)<\/li>\n<li>Dimensiones (mm):\u00a0 100mm (H) x 410mm (W) x 420mm (D)<\/li>\n<li>Metal macizo<\/li>\n<li>Conexi\u00f3n: RJ11<\/li>\n<li>Bloqueo de cerradura<\/li>\n<li>Caj\u00f3n de pl\u00e1stico resistente<\/li>\n<li>5 compartimientos para billetes, 8 compartimentos para monedas, ranuras de extracci\u00f3n<\/li>\n<li>Rodillos de poliuretano para un funcionamiento suave<\/li>\n<li>Micro switch indica el estatus de la caja registradora<\/li>\n<\/ul>\n","protected":false},"excerpt":{"rendered":"<p>La gaveta CD350 de 3nStar constituye una soluci\u00f3n robusta y segura. La integraci\u00f3n con impresoras de<br \/>\nrecibos es sumamente sencilla y el desempe\u00f1o mec\u00e1nico excelente. Gracias a la cubierta para la bandeja (opcional) la CD350 es ideal para cualquier negocio en la que la seguridad del dinero en efectivo sea un elemento vital.<\/p>\n","protected":false},"featured_media":8210,"template":"","meta":{"inline_featured_image":false,"_joinchat":[]},"product_cat":[185,175,228],"product_tag":[164],"class_list":{"0":"post-8209","1":"product","2":"type-product","3":"status-publish","4":"has-post-thumbnail","6":"product_cat-gavetas-de-dinero","7":"product_cat-facturacion-electronica","8":"product_cat-3nstar","9":"product_tag-3nstar","11":"first","12":"instock","13":"shipping-taxable","14":"product-type-simple"},"_links":{"self":[{"href":"https:\/\/telectronica.com.uy\/index.php?rest_route=\/wp\/v2\/product\/8209","targetHints":{"allow":["GET"]}}],"collection":[{"href":"https:\/\/telectronica.com.uy\/index.php?rest_route=\/wp\/v2\/product"}],"about":[{"href":"https:\/\/telectronica.com.uy\/index.php?rest_route=\/wp\/v2\/types\/product"}],"wp:featuredmedia":[{"embeddable":true,"href":"https:\/\/telectronica.com.uy\/index.php?rest_route=\/wp\/v2\/media\/8210"}],"wp:attachment":[{"href":"https:\/\/telectronica.com.uy\/index.php?rest_route=%2Fwp%2Fv2%2Fmedia&parent=8209"}],"wp:term":[{"taxonomy":"product_cat","embeddable":true,"href":"https:\/\/telectronica.com.uy\/index.php?rest_route=%2Fwp%2Fv2%2Fproduct_cat&post=8209"},{"taxonomy":"product_tag","embeddable":true,"href":"https:\/\/telectronica.com.uy\/index.php?rest_route=%2Fwp%2Fv2%2Fproduct_tag&post=8209"}],"curies":[{"name":"wp","href":"https:\/\/api.w.org\/{rel}","templated":true}]}}