{"id":8205,"date":"2023-07-25T11:43:20","date_gmt":"2023-07-25T14:43:20","guid":{"rendered":"https:\/\/telectronica.com.uy\/?post_type=product&#038;p=8205"},"modified":"2025-01-31T15:09:46","modified_gmt":"2025-01-31T18:09:46","slug":"sc365","status":"publish","type":"product","link":"https:\/\/telectronica.com.uy\/?product=sc365","title":{"rendered":"Anillo Lector Inal\u00e1mbrico 1D\/2D 3NSTAR SC365"},"content":{"rendered":"<h3 class=\"fusion-woocommerce-tab-title fusion-responsive-typography-calculated\" data-fontsize=\"20\" data-lineheight=\"37.6px\">Descripci\u00f3n<\/h3>\n<ul>\n<li>Dise\u00f1o ligero y ergon\u00f3mico.<\/li>\n<li>Resiste ca\u00eddas de hasta 1.5 metros (5 pies)<\/li>\n<li>Bater\u00eda de 1000mAh proporciona m\u00e1s de 8 horas de trabajo continuas sin recarga<\/li>\n<li>Cargador inal\u00e1mbrico opcional carga 2 lectores simult\u00e1neamente<\/li>\n<\/ul>\n","protected":false},"excerpt":{"rendered":"<p>AUMENTE LA PRODUCTIVIDAD EN APLICACIONES DE LECTURAS DE CODIGO DE BARRAS CON FLEXIBILIDAD, COMODIDAD, FUNCIONALIDAD Y M\u00c1XIMO RENDIMIENTO<\/p>\n<p>Proporcione a sus trabajadores la combinaci\u00f3n de tecnolog\u00eda, forma y funcionalidad necesaria para lograr un nivel superior de productividad en el manejo de paquetes y en aplicaciones de almac\u00e9n con el SC365.<br \/>\nSu ergonom\u00eda avanzada y conexi\u00f3n inal\u00e1mbrica proporciona movilidad y comodidad sin igual.<\/p>\n<p>Caracter\u00edsticas:<br \/>\nEl rendimiento en escaneando de c\u00f3digos de barras 1D, 2D y omnidireccional, elimina la necesidad de alinear el c\u00f3digo de barras con el esc\u00e1ner. El SC365 es el esc\u00e1ner m\u00e1s resistente de su clase, a su vez ofrece un rendimiento confiable en entornos exigentes, desde los muelles de carga hasta el piso del almac\u00e9n y l\u00ednea de ensamblaje.<\/p>\n","protected":false},"featured_media":8206,"template":"","meta":{"inline_featured_image":false,"_joinchat":[]},"product_cat":[150,151,197,228],"product_tag":[164],"class_list":{"0":"post-8205","1":"product","2":"type-product","3":"status-publish","4":"has-post-thumbnail","6":"product_cat-lectores","7":"product_cat-de-uso-general","8":"product_cat-inalambrico","9":"product_cat-3nstar","10":"product_tag-3nstar","12":"first","13":"instock","14":"shipping-taxable","15":"product-type-simple"},"_links":{"self":[{"href":"https:\/\/telectronica.com.uy\/index.php?rest_route=\/wp\/v2\/product\/8205","targetHints":{"allow":["GET"]}}],"collection":[{"href":"https:\/\/telectronica.com.uy\/index.php?rest_route=\/wp\/v2\/product"}],"about":[{"href":"https:\/\/telectronica.com.uy\/index.php?rest_route=\/wp\/v2\/types\/product"}],"wp:featuredmedia":[{"embeddable":true,"href":"https:\/\/telectronica.com.uy\/index.php?rest_route=\/wp\/v2\/media\/8206"}],"wp:attachment":[{"href":"https:\/\/telectronica.com.uy\/index.php?rest_route=%2Fwp%2Fv2%2Fmedia&parent=8205"}],"wp:term":[{"taxonomy":"product_cat","embeddable":true,"href":"https:\/\/telectronica.com.uy\/index.php?rest_route=%2Fwp%2Fv2%2Fproduct_cat&post=8205"},{"taxonomy":"product_tag","embeddable":true,"href":"https:\/\/telectronica.com.uy\/index.php?rest_route=%2Fwp%2Fv2%2Fproduct_tag&post=8205"}],"curies":[{"name":"wp","href":"https:\/\/api.w.org\/{rel}","templated":true}]}}