{"id":8195,"date":"2023-07-21T11:24:15","date_gmt":"2023-07-21T14:24:15","guid":{"rendered":"https:\/\/telectronica.com.uy\/?post_type=product&#038;p=8195"},"modified":"2024-12-19T09:19:12","modified_gmt":"2024-12-19T12:19:12","slug":"sc550","status":"publish","type":"product","link":"https:\/\/telectronica.com.uy\/?product=sc550","title":{"rendered":"Lector de mesa multi haz 1D\/2D 3NSTAR SC550"},"content":{"rendered":"<p>\u2022 Gran Capacidad de Lectura: Rendimiento de escaneo excepcional en c\u00f3digos de barras 1D y 2D, adem\u00e1s de la capacidad de leer pantallas de tel\u00e9fonos inteligentes, billeteras digitales y tarjetas de identificaci\u00f3n impresas.<\/p>\n<p>\u2022 Omnidireccional: Provee mayor flexibilidad y capacidad de adaptaci\u00f3n a los productos, que los populares lectores de mano.<\/p>\n<p>\u2022 Activaci\u00f3n autom\u00e1tica: Con solo presentar el producto ante el lector, este se activa, facilitando as\u00ed la operaci\u00f3n.<\/p>\n","protected":false},"excerpt":{"rendered":"<p>Con su dise\u00f1o compacto y moderno y sus grand capacidad de lectura, el SC550 se adapta f\u00e1cilmente a los espacios existentes utilizados en \u00e1reas de pago minorista de gran volumen, como tiendas de conveniencia, farmacias, licorer\u00edas<br \/>\ny supermercados.<\/p>\n<p>El SC550 es un esc\u00e1ner de mostrador que ofrece un conjunto de caracter\u00edsticas que lo coloca en la cima de su clase por su rendimiento, facilidad de implementaci\u00f3n y costo total de propiedad. No importa qu\u00e9 c\u00f3digos de barras aparezcan en su POS, el SC550 puede escanearlos a todos; 1D, 2D, impreso y electr\u00f3nico.<\/p>\n","protected":false},"featured_media":8196,"template":"","meta":{"inline_featured_image":false,"_joinchat":[]},"product_cat":[150,177,228],"product_tag":[164],"class_list":{"0":"post-8195","1":"product","2":"type-product","3":"status-publish","4":"has-post-thumbnail","6":"product_cat-lectores","7":"product_cat-fijos-de-mesa","8":"product_cat-3nstar","9":"product_tag-3nstar","11":"first","12":"instock","13":"shipping-taxable","14":"product-type-simple"},"_links":{"self":[{"href":"https:\/\/telectronica.com.uy\/index.php?rest_route=\/wp\/v2\/product\/8195","targetHints":{"allow":["GET"]}}],"collection":[{"href":"https:\/\/telectronica.com.uy\/index.php?rest_route=\/wp\/v2\/product"}],"about":[{"href":"https:\/\/telectronica.com.uy\/index.php?rest_route=\/wp\/v2\/types\/product"}],"wp:featuredmedia":[{"embeddable":true,"href":"https:\/\/telectronica.com.uy\/index.php?rest_route=\/wp\/v2\/media\/8196"}],"wp:attachment":[{"href":"https:\/\/telectronica.com.uy\/index.php?rest_route=%2Fwp%2Fv2%2Fmedia&parent=8195"}],"wp:term":[{"taxonomy":"product_cat","embeddable":true,"href":"https:\/\/telectronica.com.uy\/index.php?rest_route=%2Fwp%2Fv2%2Fproduct_cat&post=8195"},{"taxonomy":"product_tag","embeddable":true,"href":"https:\/\/telectronica.com.uy\/index.php?rest_route=%2Fwp%2Fv2%2Fproduct_tag&post=8195"}],"curies":[{"name":"wp","href":"https:\/\/api.w.org\/{rel}","templated":true}]}}