{"id":8184,"date":"2023-07-04T15:39:16","date_gmt":"2023-07-04T18:39:16","guid":{"rendered":"https:\/\/telectronica.com.uy\/?post_type=product&#038;p=8184"},"modified":"2025-01-31T15:21:54","modified_gmt":"2025-01-31T18:21:54","slug":"ltt214","status":"publish","type":"product","link":"https:\/\/telectronica.com.uy\/?product=ltt214","title":{"rendered":"Impresora de etiquetas 3NSTAR LTT214"},"content":{"rendered":"<p><em>Caracter\u00edsticas:<\/em><\/p>\n<ul>\n<li>Impresi\u00f3n T\u00e9rmica Directa y de Transferencia T\u00e9rmica<\/li>\n<li>Software Bartender de impresi\u00f3n de etiquetas<\/li>\n<li>Emulaci\u00f3n TSPL (EPL, ZPL, DPL)<\/li>\n<li>5 IPS (127mm\/s) Alta Velocidad de Impresi\u00f3n<\/li>\n<li>8MB SDRAM, 8MB Flash<\/li>\n<li>Resoluci\u00f3n 203 dpi<\/li>\n<li>Sensor reflectivo de marca negra, sensor de cubierta abierta, sensor de espacios entre etiquetas, Sensor de fin de cinta<\/li>\n<li>Interface USB y Ethernet<\/li>\n<\/ul>\n","protected":false},"excerpt":{"rendered":"<p>La impresora de etiquetas LTT214 ofrece impresi\u00f3n<br \/>\nprofesional y se adapta a cualquier presupuesto. Es<br \/>\necon\u00f3mica, f\u00e1cil de usar, lo que la hace ideal para una<br \/>\nvariedad de aplicaciones de etiquetado. Aunque tiene<br \/>\nun precio razonable, estas impresoras est\u00e1n dise\u00f1adas<br \/>\npara brindar confiabilidad y longevidad.<\/p>\n<p>La LTT214 tiene una construcci\u00f3n enmarcada de doble pared y un<br \/>\ncabezal de impresi\u00f3n totalmente met\u00e1lico para reducir<br \/>\nlos costos de mantenimiento y el tiempo de inactividad<br \/>\nde la impresora.<\/p>\n<p>Puede imprimir etiquetas t\u00e9rmicas y de transferencia<br \/>\nt\u00e9rmica, adem\u00e1s incluye el software de impresi\u00f3n de<br \/>\netiquetas Bartender, lo que la una soluci\u00f3n completa<br \/>\nde impresi\u00f3n de etiquetas.<\/p>\n","protected":false},"featured_media":8185,"template":"","meta":{"inline_featured_image":false,"_joinchat":[]},"product_cat":[158,154,228],"product_tag":[164],"class_list":{"0":"post-8184","1":"product","2":"type-product","3":"status-publish","4":"has-post-thumbnail","6":"product_cat-escritorio","7":"product_cat-impresoras","8":"product_cat-3nstar","9":"product_tag-3nstar","11":"first","12":"instock","13":"shipping-taxable","14":"product-type-simple"},"_links":{"self":[{"href":"https:\/\/telectronica.com.uy\/index.php?rest_route=\/wp\/v2\/product\/8184","targetHints":{"allow":["GET"]}}],"collection":[{"href":"https:\/\/telectronica.com.uy\/index.php?rest_route=\/wp\/v2\/product"}],"about":[{"href":"https:\/\/telectronica.com.uy\/index.php?rest_route=\/wp\/v2\/types\/product"}],"wp:featuredmedia":[{"embeddable":true,"href":"https:\/\/telectronica.com.uy\/index.php?rest_route=\/wp\/v2\/media\/8185"}],"wp:attachment":[{"href":"https:\/\/telectronica.com.uy\/index.php?rest_route=%2Fwp%2Fv2%2Fmedia&parent=8184"}],"wp:term":[{"taxonomy":"product_cat","embeddable":true,"href":"https:\/\/telectronica.com.uy\/index.php?rest_route=%2Fwp%2Fv2%2Fproduct_cat&post=8184"},{"taxonomy":"product_tag","embeddable":true,"href":"https:\/\/telectronica.com.uy\/index.php?rest_route=%2Fwp%2Fv2%2Fproduct_tag&post=8184"}],"curies":[{"name":"wp","href":"https:\/\/api.w.org\/{rel}","templated":true}]}}