{"id":8163,"date":"2023-07-04T14:30:31","date_gmt":"2023-07-04T17:30:31","guid":{"rendered":"https:\/\/telectronica.com.uy\/?post_type=product&#038;p=8163"},"modified":"2025-01-31T16:00:41","modified_gmt":"2025-01-31T19:00:41","slug":"rpt006","status":"publish","type":"product","link":"https:\/\/telectronica.com.uy\/?product=rpt006","title":{"rendered":"Impresora de tickets 3NSTAR RPT006"},"content":{"rendered":"<p>La Impresora t\u00e9rmica de recibos RPT006 ofrece econom\u00eda, confiabilidad y dise\u00f1o estilizado, construida con componentes de alta gama, mecanismo de alta calidad y f\u00e1cil de configurar. Se puede montar en pared y cuenta con impresi\u00f3n r\u00e1pida, interfaces USB, LAN y opci\u00f3n de interfaces Serial, Bluetooth o Wi-Fi.<\/p>\n<h3 class=\"fusion-responsive-typography-calculated\" data-fontsize=\"16\" data-lineheight=\"30.08px\">Features:<\/h3>\n<p>\u25cf F\u00e1cil de instalar en pared<br \/>\n\u25cf Sistema inteligente de control de corte<br \/>\n\u25cf Funci\u00f3n de alarma de audio para pedidos desatendidos<br \/>\n\u25cf Caracteres definibles por el usuario<br \/>\n\u25cf Configuraci\u00f3n autom\u00e1tica de IP<br \/>\n\u25cf Firmware actualizable en campo<br \/>\n\u25cf Capaz de imprimir c\u00f3digo QR y PDF417<br \/>\n\u25cf Soporte de Logo NV<br \/>\n\u25cf Funci\u00f3n de ahorro de Papel<br \/>\n\u25cf Soporta ajuste de ancho de impresi\u00f3n<br \/>\n\u25cf F\u00e1cil carga de papel<br \/>\n\u25cf Incluye controladores de Windows, Linux y OPOS<\/p>\n","protected":false},"excerpt":{"rendered":"<p>La Impresora t\u00e9rmica de recibos RPT006 ofrece econom\u00eda, confiabilidad y dise\u00f1o<br \/>\nestilizado, construida con componentes de alta gama, mecanismo de alta calidad y f\u00e1cil de configurar.<\/p>\n<p>Se puede montar en pared y cuenta con interfaces USB, LAN y opci\u00f3n de interfaces<br \/>\nSerial, Bluetooth o Wi-Fi.<\/p>\n<p>Incluye controladores de Windows, Linux y<br \/>\nOPOS.<\/p>\n","protected":false},"featured_media":8164,"template":"","meta":{"inline_featured_image":false,"_joinchat":[]},"product_cat":[184,175,228],"product_tag":[164],"class_list":{"0":"post-8163","1":"product","2":"type-product","3":"status-publish","4":"has-post-thumbnail","6":"product_cat-impresoras-de-tickets","7":"product_cat-facturacion-electronica","8":"product_cat-3nstar","9":"product_tag-3nstar","11":"first","12":"instock","13":"shipping-taxable","14":"product-type-simple"},"_links":{"self":[{"href":"https:\/\/telectronica.com.uy\/index.php?rest_route=\/wp\/v2\/product\/8163","targetHints":{"allow":["GET"]}}],"collection":[{"href":"https:\/\/telectronica.com.uy\/index.php?rest_route=\/wp\/v2\/product"}],"about":[{"href":"https:\/\/telectronica.com.uy\/index.php?rest_route=\/wp\/v2\/types\/product"}],"wp:featuredmedia":[{"embeddable":true,"href":"https:\/\/telectronica.com.uy\/index.php?rest_route=\/wp\/v2\/media\/8164"}],"wp:attachment":[{"href":"https:\/\/telectronica.com.uy\/index.php?rest_route=%2Fwp%2Fv2%2Fmedia&parent=8163"}],"wp:term":[{"taxonomy":"product_cat","embeddable":true,"href":"https:\/\/telectronica.com.uy\/index.php?rest_route=%2Fwp%2Fv2%2Fproduct_cat&post=8163"},{"taxonomy":"product_tag","embeddable":true,"href":"https:\/\/telectronica.com.uy\/index.php?rest_route=%2Fwp%2Fv2%2Fproduct_tag&post=8163"}],"curies":[{"name":"wp","href":"https:\/\/api.w.org\/{rel}","templated":true}]}}