{"id":7918,"date":"2022-10-20T16:15:06","date_gmt":"2022-10-20T16:15:06","guid":{"rendered":"https:\/\/telectronica.com.uy\/?post_type=product&#038;p=7918"},"modified":"2025-01-31T15:16:42","modified_gmt":"2025-01-31T18:16:42","slug":"mc22-mc27","status":"publish","type":"product","link":"https:\/\/telectronica.com.uy\/?product=mc22-mc27","title":{"rendered":"Colector ZEBRA MC22\/27"},"content":{"rendered":"<div class=\"text section\">\n<div class=\"zebra-text\">\n<p>En su empresa peque\u00f1a o mediana, sus trabajadores necesitan trabajar inteligentemente, no arduamente. Ya sea que est\u00e9n en el piso de un almac\u00e9n, en la planta de manufactura, en un comercio minorista, afuera en un puerto o centro de clasificaci\u00f3n, entregando art\u00edculos o reparando equipos, una computadora m\u00f3vil llevar\u00e1 la productividad y la precisi\u00f3n en las tareas a otro nivel. Pero los dispositivos econ\u00f3micos no satisfacen las funciones que necesita; hasta ahora. Presentamos la MC2200 y la MC2700, las computadoras m\u00f3viles accesibles con todas las caracter\u00edsticas que su empresa necesita. Los modelos con wifi o con wifi\/conectividad celular conectan a todos los trabajadores, tanto dentro de las instalaciones como en el campo. El avanzado dise\u00f1o industrial brinda comodidad extrema y facilidad de uso. La pantalla t\u00e1ctil y el teclado integrados son compatibles con las aplicaciones modernas de pantalla verde y las futuras aplicaciones de pantalla t\u00e1ctil. Simplemente agregue el accesorio de gatillo para crear un dise\u00f1o estilo pistola para tareas de escaneo m\u00e1s intensas. Las herramientas Mobility DNA complementarias de valor agregado vienen precargadas y hacen que los dispositivos sean m\u00e1s seguros y m\u00e1s f\u00e1ciles de usar y administrar. Y la licencia opcional de Mobility DNA Enterprise habilita herramientas de voz y datos para grandes empresas que impulsan la productividad y la facilidad de administraci\u00f3n de los dispositivos. La MC2200 y la MC2700 brindan movilidad rentable sin concesiones para su empresa peque\u00f1a o mediana.<\/p>\n<\/div>\n<\/div>\n<div class=\"columncontrol section\">\n<p>&nbsp;<\/p>\n<div class=\"column-control row\">\n<div class=\"col-md-6\">\n<div>\n<div class=\"imagecomponent section\"><\/div>\n<\/div>\n<\/div>\n<\/div>\n<\/div>\n","protected":false},"excerpt":{"rendered":"<p>Los dispositivos MC2200 y MC2700 incluyen muchas diferencias de dise\u00f1o que aportan beneficios al usuario. El galardonado equipo de dise\u00f1o industrial de Zebra dise\u00f1\u00f3 el tama\u00f1o, la forma y la ubicaci\u00f3n de las teclas para que los trabajadores encuentren f\u00e1cilmente las teclas correctas con el tacto, incluso con guantes. Adem\u00e1s, los colores de alto contraste hacen que las teclas sean f\u00e1ciles de ver con cualquier iluminaci\u00f3n, ya sea de d\u00eda o de noche.<\/p>\n","protected":false},"featured_media":8462,"template":"","meta":{"inline_featured_image":false,"_joinchat":[]},"product_cat":[180,217],"product_tag":[162],"class_list":{"0":"post-7918","1":"product","2":"type-product","3":"status-publish","4":"has-post-thumbnail","6":"product_cat-de-mano-industrial","7":"product_cat-zebra","8":"product_tag-zebra","10":"first","11":"instock","12":"featured","13":"shipping-taxable","14":"product-type-simple"},"_links":{"self":[{"href":"https:\/\/telectronica.com.uy\/index.php?rest_route=\/wp\/v2\/product\/7918","targetHints":{"allow":["GET"]}}],"collection":[{"href":"https:\/\/telectronica.com.uy\/index.php?rest_route=\/wp\/v2\/product"}],"about":[{"href":"https:\/\/telectronica.com.uy\/index.php?rest_route=\/wp\/v2\/types\/product"}],"wp:featuredmedia":[{"embeddable":true,"href":"https:\/\/telectronica.com.uy\/index.php?rest_route=\/wp\/v2\/media\/8462"}],"wp:attachment":[{"href":"https:\/\/telectronica.com.uy\/index.php?rest_route=%2Fwp%2Fv2%2Fmedia&parent=7918"}],"wp:term":[{"taxonomy":"product_cat","embeddable":true,"href":"https:\/\/telectronica.com.uy\/index.php?rest_route=%2Fwp%2Fv2%2Fproduct_cat&post=7918"},{"taxonomy":"product_tag","embeddable":true,"href":"https:\/\/telectronica.com.uy\/index.php?rest_route=%2Fwp%2Fv2%2Fproduct_tag&post=7918"}],"curies":[{"name":"wp","href":"https:\/\/api.w.org\/{rel}","templated":true}]}}