{"id":7917,"date":"2022-10-20T16:15:06","date_gmt":"2022-10-20T16:15:06","guid":{"rendered":"https:\/\/telectronica.com.uy\/?post_type=product&#038;p=7917"},"modified":"2025-01-31T15:16:18","modified_gmt":"2025-01-31T18:16:18","slug":"mc3300","status":"publish","type":"product","link":"https:\/\/telectronica.com.uy\/?product=mc3300","title":{"rendered":"Colector Industrial ZEBRA MC3300"},"content":{"rendered":"<p>Migre a Android&#x2122;, la plataforma comercial de movilidad de vanguardia, con la pr\u00f3xima generaci\u00f3n de la respetada serie MC3000. El mismo sistema operativo comprobado que sorprendi\u00f3 al mundo de los consumidores est\u00e1 listo para los negocios con un soporte de seguridad garantizado. Ejecute aplicaciones actuales de emulaci\u00f3n de terminal de carga (TE, por sus siglas en ingl\u00e9s) o cree pantallas t\u00e1ctiles intuitivas y simplifique la experiencia del usuario. Nuestra potente caja de herramientas de aplicaciones Mobility DNA&#x2122; simplifica la implementaci\u00f3n y el desarrollo de aplicaciones. Las nuevas capacidades de la MC3300 tambi\u00e9n le permiten optimizar los procesos y mejorar la productividad. Este dispositivo de primera clase ofrece un dise\u00f1o ergon\u00f3mico liviano, una pantalla t\u00e1ctil grande, varias opciones de teclado, un rendimiento de escaneo incomparable y muchos beneficios m\u00e1s. Con m\u00faltiples factores de forma, la MC3300 ofrece versatilidad y flexibilidad incomparables.<\/p>\n<p><b>Compatibilidad inmediata con las aplicaciones de TE<\/b><\/p>\n<p>Ejecute sus aplicaciones de TE existentes sin necesidad de configuraci\u00f3n; no se necesita modificaci\u00f3n administrativa o capacitaci\u00f3n para los usuarios. La emulaci\u00f3n All Touch Terminal Emulation (ATTE), con tecnolog\u00eda Wavelink, una de las emulaciones de terminal de carga (TE, por sus siglas en ingl\u00e9s) m\u00e1s populares del mundo, viene precargada en todos los modelos. Tiene licencia previa en el modelo estilo pistola y est\u00e1 lista para usar sin costo. Esta soluci\u00f3n flexible multifunci\u00f3n le permite migrar a su propio ritmo para minimizar las curvas de aprendizaje y maximizar la velocidad de adopci\u00f3n. Simplemente, puede migrar todas sus pantallas verdes actuales a Android en minutos para que sus empleados comiencen a trabajar en muy poco tiempo. \u00bfQuiere usar otra aplicaci\u00f3n de TE? No hay problema. La MC3300 admite las principales aplicaciones de TE, para que usted pueda elegir.<\/p>\n<p><b>Una plataforma com\u00fan para los almacenes y mucho m\u00e1s<\/b><\/p>\n<p>Si est\u00e1 usando dispositivos Android de mano y port\u00e1tiles de Zebra\u00ae en el almac\u00e9n, los trabajadores y el \u00e1rea de TI se beneficiar\u00e1n de tener una plataforma de soluciones y un sistema operativo en com\u00fan. Podr\u00e1 disfrutar de la misma experiencia de usuario y las mismas herramientas de administraci\u00f3n en distintos factores de forma en todas las \u00e1reas del almac\u00e9n y la cadena de suministro.<\/p>\n","protected":false},"excerpt":{"rendered":"<p><b>La combinaci\u00f3n perfecta: pantalla t\u00e1ctil y teclado<\/b><\/p>\n<p>Ya sea que su aplicaci\u00f3n requiera entrada t\u00e1ctil o con el teclado, tenemos lo que necesita. Su aplicaci\u00f3n puede utilizar toda la pantalla, mientras que el teclado proporciona la misma experiencia que tienen sus trabajadores hoy en d\u00eda. Asimismo, la pantalla t\u00e1ctil permite sentar las bases para migrar a interfaces intuitivas basadas en comandos t\u00e1ctiles. Elija el teclado que simplifique en mayor medida la entrada de datos: alfanum\u00e9rico, num\u00e9rico y num\u00e9rico funcional.<\/p>\n","protected":false},"featured_media":8327,"template":"","meta":{"inline_featured_image":false,"_joinchat":[]},"product_cat":[180,217],"product_tag":[162],"class_list":{"0":"post-7917","1":"product","2":"type-product","3":"status-publish","4":"has-post-thumbnail","6":"product_cat-de-mano-industrial","7":"product_cat-zebra","8":"product_tag-zebra","10":"first","11":"instock","12":"featured","13":"shipping-taxable","14":"product-type-simple"},"_links":{"self":[{"href":"https:\/\/telectronica.com.uy\/index.php?rest_route=\/wp\/v2\/product\/7917","targetHints":{"allow":["GET"]}}],"collection":[{"href":"https:\/\/telectronica.com.uy\/index.php?rest_route=\/wp\/v2\/product"}],"about":[{"href":"https:\/\/telectronica.com.uy\/index.php?rest_route=\/wp\/v2\/types\/product"}],"wp:featuredmedia":[{"embeddable":true,"href":"https:\/\/telectronica.com.uy\/index.php?rest_route=\/wp\/v2\/media\/8327"}],"wp:attachment":[{"href":"https:\/\/telectronica.com.uy\/index.php?rest_route=%2Fwp%2Fv2%2Fmedia&parent=7917"}],"wp:term":[{"taxonomy":"product_cat","embeddable":true,"href":"https:\/\/telectronica.com.uy\/index.php?rest_route=%2Fwp%2Fv2%2Fproduct_cat&post=7917"},{"taxonomy":"product_tag","embeddable":true,"href":"https:\/\/telectronica.com.uy\/index.php?rest_route=%2Fwp%2Fv2%2Fproduct_tag&post=7917"}],"curies":[{"name":"wp","href":"https:\/\/api.w.org\/{rel}","templated":true}]}}