{"id":7916,"date":"2022-10-20T16:15:06","date_gmt":"2022-10-20T16:15:06","guid":{"rendered":"https:\/\/telectronica.com.uy\/?post_type=product&#038;p=7916"},"modified":"2025-01-31T15:18:07","modified_gmt":"2025-01-31T18:18:07","slug":"mc9300","status":"publish","type":"product","link":"https:\/\/telectronica.com.uy\/?product=mc9300","title":{"rendered":"Colector Industrial ZEBRA MC9300"},"content":{"rendered":"<p>Todos los d\u00edas, m\u00e1s de tres millones de trabajadores usan la computadora m\u00f3vil Series MC9000 para optimizar los procesos en almacenes y f\u00e1bricas de todo el mundo. Pero ahora, es necesario gestionar y enviar m\u00e1s pedidos todos los d\u00edas, y m\u00e1s r\u00e1pido que nunca. Presentamos la computadora m\u00f3vil que le permitir\u00e1 hacer todo esto: la MC9300, la nueva generaci\u00f3n de la computadora m\u00f3vil empresarial m\u00e1s vendida y fiable del mundo. Los trabajadores obtendr\u00e1n la mayor simplicidad gracias a Android, un sistema operativo que ya conocen, adem\u00e1s de una pantalla t\u00e1ctil avanzada de gran tama\u00f1o y m\u00e1s. Gestione todas sus aplicaciones con lo \u00faltimo en poder de procesamiento y memoria. Las nuevas capacidades de captura de datos incluyen c\u00e1maras frontales y posteriores opcionales, rangos de escaneo extraordinarios y captura superior de marcas directas de piezas (DPM, por sus siglas en ingl\u00e9s). Con una sola carga, la nueva bater\u00eda dura el doble de tiempo que la computadora MC9200. Es la computadora MC9000 Series m\u00e1s resistente creada hasta el momento, y est\u00e1 preparada para durar m\u00e1s que casi todos los dispositivos de su clase en cualquier entorno, incluso en c\u00e1maras frigor\u00edficas. Las nuevas soluciones de Mobility DNA facilitan la administraci\u00f3n del dispositivo, de la seguridad del sistema operativo y de la bater\u00eda, adem\u00e1s de proporcionar conexiones inal\u00e1mbricas m\u00e1s robustas que nunca. Y como puede ejecutar sus aplicaciones de emulaci\u00f3n de terminales (TE, por sus siglas en ingl\u00e9s) sin configuraci\u00f3n previa, la migraci\u00f3n a Android no podr\u00eda ser m\u00e1s sencilla.<\/p>\n<div class=\"text section\">\n<div class=\"zebra-text\">\n<p>Todos los d\u00edas, m\u00e1s de tres millones de trabajadores usan la computadora m\u00f3vil Series\u00a0MC9000 para optimizar los procesos en almacenes y f\u00e1bricas de todo el mundo. Pero ahora, es necesario gestionar y enviar m\u00e1s pedidos todos los d\u00edas, y m\u00e1s r\u00e1pido que nunca. Presentamos la computadora m\u00f3vil que le permitir\u00e1 hacer todo esto: la MC9300, la nueva generaci\u00f3n de la computadora m\u00f3vil empresarial m\u00e1s vendida y fiable del mundo. Los trabajadores obtendr\u00e1n la mayor simplicidad gracias a Android, un sistema operativo que ya conocen, adem\u00e1s de una pantalla t\u00e1ctil avanzada de gran tama\u00f1o y m\u00e1s. Gestione todas sus aplicaciones con lo \u00faltimo en poder de procesamiento y memoria. Las nuevas capacidades de captura de datos incluyen c\u00e1maras frontales y posteriores opcionales, rangos de escaneo extraordinarios y captura superior de marcas directas de piezas (DPM, por sus siglas en ingl\u00e9s). Con una sola carga, la nueva bater\u00eda dura el doble de tiempo que la computadora\u00a0MC9200. Es la computadora MC9000 Series\u00a0m\u00e1s resistente creada hasta el momento, y est\u00e1 preparada para durar m\u00e1s que casi todos los dispositivos de su clase en cualquier entorno, incluso en c\u00e1maras frigor\u00edficas. Las nuevas soluciones de Mobility\u00a0DNA facilitan la administraci\u00f3n del dispositivo, de la seguridad del sistema operativo y de la bater\u00eda, adem\u00e1s de proporcionar conexiones inal\u00e1mbricas m\u00e1s robustas que nunca. Y como puede ejecutar sus aplicaciones de emulaci\u00f3n de terminales (TE, por sus siglas en ingl\u00e9s) sin configuraci\u00f3n previa, la migraci\u00f3n a Android no podr\u00eda ser m\u00e1s sencilla.<\/p>\n<\/div>\n<\/div>\n<div class=\"columncontrol section\">\n<p>&nbsp;<\/p>\n<div class=\"column-control row\">\n<div class=\"col-md-6\">\n<div>\n<div class=\"imagecomponent section\"><\/div>\n<\/div>\n<\/div>\n<\/div>\n<\/div>\n","protected":false},"excerpt":{"rendered":"<p>El procesador ultrapoderoso de 8\u00a0n\u00facleos se combina con una memoria RAM 8\u00a0veces superior y una memoria flash 16\u00a0veces superior a la memoria de la computadora\u00a0MC9200 para mejorar el rendimiento de todas sus aplicaciones de voz y datos.<\/p>\n","protected":false},"featured_media":8460,"template":"","meta":{"inline_featured_image":false,"_joinchat":[]},"product_cat":[180,217],"product_tag":[162],"class_list":{"0":"post-7916","1":"product","2":"type-product","3":"status-publish","4":"has-post-thumbnail","6":"product_cat-de-mano-industrial","7":"product_cat-zebra","8":"product_tag-zebra","10":"first","11":"instock","12":"featured","13":"shipping-taxable","14":"product-type-simple"},"_links":{"self":[{"href":"https:\/\/telectronica.com.uy\/index.php?rest_route=\/wp\/v2\/product\/7916","targetHints":{"allow":["GET"]}}],"collection":[{"href":"https:\/\/telectronica.com.uy\/index.php?rest_route=\/wp\/v2\/product"}],"about":[{"href":"https:\/\/telectronica.com.uy\/index.php?rest_route=\/wp\/v2\/types\/product"}],"wp:featuredmedia":[{"embeddable":true,"href":"https:\/\/telectronica.com.uy\/index.php?rest_route=\/wp\/v2\/media\/8460"}],"wp:attachment":[{"href":"https:\/\/telectronica.com.uy\/index.php?rest_route=%2Fwp%2Fv2%2Fmedia&parent=7916"}],"wp:term":[{"taxonomy":"product_cat","embeddable":true,"href":"https:\/\/telectronica.com.uy\/index.php?rest_route=%2Fwp%2Fv2%2Fproduct_cat&post=7916"},{"taxonomy":"product_tag","embeddable":true,"href":"https:\/\/telectronica.com.uy\/index.php?rest_route=%2Fwp%2Fv2%2Fproduct_tag&post=7916"}],"curies":[{"name":"wp","href":"https:\/\/api.w.org\/{rel}","templated":true}]}}