{"id":7913,"date":"2022-10-20T16:15:06","date_gmt":"2022-10-20T16:15:06","guid":{"rendered":"https:\/\/telectronica.com.uy\/?post_type=product&#038;p=7913"},"modified":"2025-01-31T15:16:31","modified_gmt":"2025-01-31T18:16:31","slug":"tc8300","status":"publish","type":"product","link":"https:\/\/telectronica.com.uy\/?product=tc8300","title":{"rendered":"Colector Industrial ZEBRA TC8300"},"content":{"rendered":"<p>Tomamos el modelo TC8000, el dise\u00f1o de computadora t\u00e1ctil empresarial m\u00e1s revolucionario a nivel mundial, y lo mejoramos. Obtiene el mismo dise\u00f1o ergon\u00f3mico innovador que minimiza el movimiento para aumentar la productividad de los trabajadores en un 14\u00a0por ciento. A\u00f1adimos lo \u00faltimo en poder de procesamiento y memoria para proporcionar a sus trabajadores el funcionamiento ultrarr\u00e1pido que esperan de sus aplicaciones. Lo \u00faltimo en tecnolog\u00eda Wi-Fi y Bluetooth brinda a los trabajadores las conexiones inal\u00e1mbricas de dispositivos y perif\u00e9ricos m\u00e1s r\u00e1pidas y fiables, lo que maximiza la disponibilidad y el valor. Con opciones integrales para la captura de datos, puede capturar todo lo que necesita: c\u00f3digos de barras, marcas directas de piezas, formularios completos y m\u00e1s. Con respecto al sistema operativo, la computadora TC8300 simplifica todos los aspectos de la implementaci\u00f3n de Android en su almac\u00e9n, como la migraci\u00f3n, la seguridad, el control de las actualizaciones y los Servicios de Google para M\u00f3viles.<\/p>\n<p>Con la computadora TC8300, los usuarios pueden usar las aplicaciones de emulaci\u00f3n de terminales (TE, por sus siglas en ingl\u00e9s) existentes sin necesidad de modificar el sistema administrativo ni capacitar a los usuarios. Cuando est\u00e9 listo, podr\u00e1 convertir f\u00e1cilmente sus \u201cpantallas verdes\u201d en pantallas t\u00e1ctiles intuitivas para Android y aumentar la productividad con All-touch Terminal Emulation (TE), sin necesidad de programaci\u00f3n.<\/p>\n<p>&nbsp;<\/p>\n","protected":false},"excerpt":{"rendered":"<p>Usted obtiene todos los beneficios de la \u00faltima versi\u00f3n de Android y sus trabajadores utilizan un dispositivo que ya saben usar, de manera que los tiempos de capacitaci\u00f3n y las curvas de adopci\u00f3n son casi inexistentes.<\/p>\n<p>Obtenga toda la potencia que necesita para garantizar un rendimiento superior en todas sus aplicaciones de voz y datos gracias al procesador ultrapoderoso de 8\u00a0n\u00facleos, adem\u00e1s de 8\u00a0veces la memoria RAM y 32\u00a0veces la memoria flash de la generaci\u00f3n anterior de computadoras TC8000.<\/p>\n","protected":false},"featured_media":8345,"template":"","meta":{"inline_featured_image":false,"_joinchat":[]},"product_cat":[180,217],"product_tag":[162],"class_list":{"0":"post-7913","1":"product","2":"type-product","3":"status-publish","4":"has-post-thumbnail","6":"product_cat-de-mano-industrial","7":"product_cat-zebra","8":"product_tag-zebra","10":"first","11":"instock","12":"featured","13":"shipping-taxable","14":"product-type-simple"},"_links":{"self":[{"href":"https:\/\/telectronica.com.uy\/index.php?rest_route=\/wp\/v2\/product\/7913","targetHints":{"allow":["GET"]}}],"collection":[{"href":"https:\/\/telectronica.com.uy\/index.php?rest_route=\/wp\/v2\/product"}],"about":[{"href":"https:\/\/telectronica.com.uy\/index.php?rest_route=\/wp\/v2\/types\/product"}],"wp:featuredmedia":[{"embeddable":true,"href":"https:\/\/telectronica.com.uy\/index.php?rest_route=\/wp\/v2\/media\/8345"}],"wp:attachment":[{"href":"https:\/\/telectronica.com.uy\/index.php?rest_route=%2Fwp%2Fv2%2Fmedia&parent=7913"}],"wp:term":[{"taxonomy":"product_cat","embeddable":true,"href":"https:\/\/telectronica.com.uy\/index.php?rest_route=%2Fwp%2Fv2%2Fproduct_cat&post=7913"},{"taxonomy":"product_tag","embeddable":true,"href":"https:\/\/telectronica.com.uy\/index.php?rest_route=%2Fwp%2Fv2%2Fproduct_tag&post=7913"}],"curies":[{"name":"wp","href":"https:\/\/api.w.org\/{rel}","templated":true}]}}