{"id":7912,"date":"2022-10-20T16:15:05","date_gmt":"2022-10-20T16:15:05","guid":{"rendered":"https:\/\/telectronica.com.uy\/?post_type=product&#038;p=7912"},"modified":"2025-01-31T15:26:41","modified_gmt":"2025-01-31T18:26:41","slug":"zd220","status":"publish","type":"product","link":"https:\/\/telectronica.com.uy\/?product=zd220","title":{"rendered":"Impresora de etiquetas ZEBRA ZD220"},"content":{"rendered":"<p><span>No todas las impresoras se crean por igual, especialmente los modelos b\u00e1sicos.\u00a0Para reducir costos, las impresoras de valor a menudo se construyen utilizando componentes menos costosos.\u00a0Muchos no funcionan bajo ciclos de trabajo m\u00e1s exigentes, crean demoras y tiempo de inactividad para las reparaciones y requieren reemplazo despu\u00e9s de solo unos a\u00f1os de uso.\u00a0En lugar de conservar el presupuesto, los clientes se quedan con mayores gastos y molestias.<\/span><\/p>\n<p><span>Zebra lo hace de manera diferente.\u00a0La impresora de escritorio ZD220 le brinda un funcionamiento confiable y funciones b\u00e1sicas a un precio asequible, tanto en el punto de compra como durante todo el ciclo de vida.\u00a0Dise\u00f1ado con calidad Zebra, cuenta con una construcci\u00f3n de doble pared para mayor durabilidad.\u00a0Y tiene calificaci\u00f3n ENERGY STAR\u00ae para reducir sus gastos operativos.\u00a0Construido para durar a\u00f1os, el ZD220 proporciona un excelente retorno de su inversi\u00f3n.<\/span><\/p>\n<p><span>Esta impresora de 4 pulgadas produce etiquetas r\u00e1pidamente, a 4 pulgadas por segundo, para mantener sus flujos de trabajo en movimiento.\u00a0<\/span><span>El aumento de la memoria le permite almacenar m\u00e1s fuentes y gr\u00e1ficos.\u00a0<\/span><span>Un solo indicador LED y un solo bot\u00f3n para alimentaci\u00f3n\/pausa facilitan la operaci\u00f3n e identifican el estado de la impresora.\u00a0<\/span><span>Elija entre modelos t\u00e9rmicos directos o de transferencia t\u00e9rmica y agregue un pelador opcional instalado de f\u00e1brica.\u00a0<\/span><span>La ZD220 presenta Print DNA Basic, un conjunto central de aplicaciones de software y capacidades para brindar una experiencia de impresi\u00f3n rentable y confiable<\/span><\/p>\n<p><span>Acceda r\u00e1pidamente a servicios de soporte de reparaci\u00f3n, soporte t\u00e9cnico de agente en vivo y soporte de software en cualquier parte del mundo a trav\u00e9s de Zebra y su red confiable de m\u00e1s de 10,000 socios.\u00a0<\/span><span>Zebra OneCare&#x2122; ofrece una cobertura mejorada que supera la garant\u00eda est\u00e1ndar para el desgaste normal, tiempos de respuesta de reparaci\u00f3n prioritarios en el dep\u00f3sito y m\u00e1s, todo por una peque\u00f1a fracci\u00f3n del costo de una sola reparaci\u00f3n.<\/span><\/p>\n<p><span>Los consumibles de impresi\u00f3n pueden afectar todo, desde la vida \u00fatil del cabezal de impresi\u00f3n hasta la eficiencia operativa.\u00a0<\/span><span>Es por eso que dise\u00f1amos, producimos y probamos rigurosamente nuestra propia l\u00ednea de consumibles de impresi\u00f3n t\u00e9rmica para garantizar un rendimiento constante y optimizado en su impresora Zebra y tranquilidad para usted.\u00a0<\/span><span>Para calidad l\u00edder en la industria, servicio y experiencia en impresi\u00f3n t\u00e9rmica, elija suministros certificados de Zebra.<\/span><\/p>\n","protected":false},"excerpt":{"rendered":"<p><span>La ZD220 es f\u00e1cil de instalar y comenzar a imprimir, nada m\u00e1s sacarla de la caja.\u00a0<\/span><span>La conectividad USB permite la interoperabilidad universal.\u00a0<\/span><span>Reemplace f\u00e1cilmente las impresoras heredadas usando lenguajes de comando ZPL, EPL o que no sean de Zebra.\u00a0<\/span><span>Y los cambios de medios se agilizan con el dise\u00f1o de concha OpenACCESS&#x2122; de Zebra.\u00a0<\/span><span>Es ideal para su uso en aplicaciones de transporte y log\u00edstica, manufactura ligera, comercio minorista y atenci\u00f3n m\u00e9dica para imprimir una variedad de boletos, etiquetas, pases, etiquetas y recibos.<\/span><\/p>\n","protected":false},"featured_media":7949,"template":"","meta":{"inline_featured_image":false,"_joinchat":[]},"product_cat":[158,154,217],"product_tag":[162],"class_list":{"0":"post-7912","1":"product","2":"type-product","3":"status-publish","4":"has-post-thumbnail","6":"product_cat-escritorio","7":"product_cat-impresoras","8":"product_cat-zebra","9":"product_tag-zebra","11":"first","12":"instock","13":"featured","14":"shipping-taxable","15":"product-type-simple"},"_links":{"self":[{"href":"https:\/\/telectronica.com.uy\/index.php?rest_route=\/wp\/v2\/product\/7912","targetHints":{"allow":["GET"]}}],"collection":[{"href":"https:\/\/telectronica.com.uy\/index.php?rest_route=\/wp\/v2\/product"}],"about":[{"href":"https:\/\/telectronica.com.uy\/index.php?rest_route=\/wp\/v2\/types\/product"}],"wp:featuredmedia":[{"embeddable":true,"href":"https:\/\/telectronica.com.uy\/index.php?rest_route=\/wp\/v2\/media\/7949"}],"wp:attachment":[{"href":"https:\/\/telectronica.com.uy\/index.php?rest_route=%2Fwp%2Fv2%2Fmedia&parent=7912"}],"wp:term":[{"taxonomy":"product_cat","embeddable":true,"href":"https:\/\/telectronica.com.uy\/index.php?rest_route=%2Fwp%2Fv2%2Fproduct_cat&post=7912"},{"taxonomy":"product_tag","embeddable":true,"href":"https:\/\/telectronica.com.uy\/index.php?rest_route=%2Fwp%2Fv2%2Fproduct_tag&post=7912"}],"curies":[{"name":"wp","href":"https:\/\/api.w.org\/{rel}","templated":true}]}}