{"id":7911,"date":"2022-10-20T16:15:05","date_gmt":"2022-10-20T16:15:05","guid":{"rendered":"https:\/\/telectronica.com.uy\/?post_type=product&#038;p=7911"},"modified":"2025-01-31T15:24:32","modified_gmt":"2025-01-31T18:24:32","slug":"zd230","status":"publish","type":"product","link":"https:\/\/telectronica.com.uy\/?product=zd230","title":{"rendered":"Impresora de etiquetas ZEBRA ZD230"},"content":{"rendered":"<p>No todas las impresoras son iguales, especialmente los modelos b\u00e1sicos. Para reducir los costos, las impresoras econ\u00f3micas suelen fabricarse utilizando componentes menos costosos y con menos funciones. Muchas de ellas no pueden funcionar en ciclos de tareas m\u00e1s demandantes, crean retrasos y tiempo de inactividad por reparaciones, y deben reemplazarse despu\u00e9s de unos pocos a\u00f1os de uso. En lugar de ahorrar presupuesto, los clientes terminan teniendo m\u00e1s gastos y molestias. Zebra es diferente. Conozca la excepci\u00f3n. La impresora de escritorio ZD230 le brinda caracter\u00edsticas adicionales y un funcionamiento confiable a un precio accesible, tanto en el punto de compra como a lo largo de todo el ciclo de vida. Dise\u00f1ada con calidad Zebra, cuenta con una carcasa de doble pared. Y ofrece conectividad inal\u00e1mbrica para impresi\u00f3n remota en red. La ZD230 est\u00e1 construida para durar por a\u00f1os y proporciona un retorno excepcional sobre su inversi\u00f3n.<\/p>\n<p><b>S\u00f3lo las caracter\u00edsticas que necesita<\/b><\/p>\n<p>Esta impresora de 4 pulgadas produce etiquetas r\u00e1pidamente, hasta 6\u00a0pulgadas por segundo, para mantener sus flujos de trabajo en marcha. Gracias a la memoria de mayor capacidad, puede guardar m\u00e1s fuentes y gr\u00e1ficos. Un solo indicador LED y un \u00fanico bot\u00f3n de alimentaci\u00f3n\/pausa facilitan la operaci\u00f3n y muestran el estado de la impresora. Elija entre los modelos de transferencia t\u00e9rmica o t\u00e9rmica directa, y agregue un despegador o cortador opcional instalado de f\u00e1brica. La ZD230 cuenta con Print DNA Basic, un conjunto b\u00e1sico de aplicaciones de software y capacidades para brindar una experiencia de impresi\u00f3n confiable y rentable. Es ideal para aplicaciones de transporte y log\u00edstica, fabricaci\u00f3n ligera, retail y cuidado de la salud, para imprimir una variedad de boletos, identificadores, pases, etiquetas y recibos.<\/p>\n","protected":false},"excerpt":{"rendered":"<p><b>Obtenga impresiones r\u00e1pidas<\/b><\/p>\n<p>La ZD230 es f\u00e1cil de instalar y puede comenzar a imprimir sin configuraci\u00f3n previa. Reemplace f\u00e1cilmente las impresoras\u00a0que utilizan ZPL, EPL o algunos otros lenguajes\u00a0de comando que no son de Zebra. Las opciones de conectividad USB, Ethernet, wifi y Bluetooth\u00ae permiten la interoperabilidad universal. La ZD230 puede alojar un rollo de cinta de 300\u00a0m para que el cambio de materiales sea menos frecuente. Adem\u00e1s, con el dise\u00f1o convexo OpenACCESS&#x2122; de Zebra, el reemplazo de materiales es m\u00e1s r\u00e1pido. Tambi\u00e9n tiene la certificaci\u00f3n ENERGY STAR\u00ae para reducir sus gastos operativos.<\/p>\n","protected":false},"featured_media":7946,"template":"","meta":{"inline_featured_image":false,"_joinchat":[]},"product_cat":[158,154,217],"product_tag":[162],"class_list":{"0":"post-7911","1":"product","2":"type-product","3":"status-publish","4":"has-post-thumbnail","6":"product_cat-escritorio","7":"product_cat-impresoras","8":"product_cat-zebra","9":"product_tag-zebra","11":"first","12":"instock","13":"featured","14":"shipping-taxable","15":"product-type-simple"},"_links":{"self":[{"href":"https:\/\/telectronica.com.uy\/index.php?rest_route=\/wp\/v2\/product\/7911","targetHints":{"allow":["GET"]}}],"collection":[{"href":"https:\/\/telectronica.com.uy\/index.php?rest_route=\/wp\/v2\/product"}],"about":[{"href":"https:\/\/telectronica.com.uy\/index.php?rest_route=\/wp\/v2\/types\/product"}],"wp:featuredmedia":[{"embeddable":true,"href":"https:\/\/telectronica.com.uy\/index.php?rest_route=\/wp\/v2\/media\/7946"}],"wp:attachment":[{"href":"https:\/\/telectronica.com.uy\/index.php?rest_route=%2Fwp%2Fv2%2Fmedia&parent=7911"}],"wp:term":[{"taxonomy":"product_cat","embeddable":true,"href":"https:\/\/telectronica.com.uy\/index.php?rest_route=%2Fwp%2Fv2%2Fproduct_cat&post=7911"},{"taxonomy":"product_tag","embeddable":true,"href":"https:\/\/telectronica.com.uy\/index.php?rest_route=%2Fwp%2Fv2%2Fproduct_tag&post=7911"}],"curies":[{"name":"wp","href":"https:\/\/api.w.org\/{rel}","templated":true}]}}