{"id":7909,"date":"2022-10-20T16:15:05","date_gmt":"2022-10-20T16:15:05","guid":{"rendered":"https:\/\/telectronica.com.uy\/?post_type=product&#038;p=7909"},"modified":"2024-12-19T09:18:07","modified_gmt":"2024-12-19T12:18:07","slug":"220xi4","status":"publish","type":"product","link":"https:\/\/telectronica.com.uy\/?product=220xi4","title":{"rendered":"Impresora de etiquetas Industrial ZEBRA 220Xi4"},"content":{"rendered":"<p>La impresora Zebra 220Xi4, dise\u00f1ada para durar, es reconocida por su incre\u00edble durabilidad, calidad de impresi\u00f3n consistentemente excepcional, alta velocidad de impresi\u00f3n, larga vida \u00fatil y confiabilidad sin igual en aplicaciones exigentes.\u00a0La 220Xi4 est\u00e1 dise\u00f1ada para imprimir etiquetas de hasta 8&#8243; de ancho para tambores qu\u00edmicos u otras aplicaciones de etiquetas anchas. Las impresoras industriales ZT610 o ZT620 son las impresoras preferidas para aplicaciones de impresi\u00f3n de gran volumen con un ancho de impresi\u00f3n de menos de 6,6&#8243; (168 mm) .<\/p>\n<p>Garantice una calidad de impresi\u00f3n constante, reduzca el tiempo de inactividad y aumente la productividad en su proceso de impresi\u00f3n con consumibles Genuine Zebra&#x2122;.\u00a0Fabricamos cada producto de suministros con exactamente los mismos materiales cada vez para que siempre obtenga resultados n\u00edtidos, legibles y escaneables sin necesidad de ajustar la configuraci\u00f3n de oscuridad de la impresora entre rollos.<\/p>\n<p>La impresora 220Xi4 de Zebra est\u00e1 repleta de caracter\u00edsticas y opciones que facilitan su configuraci\u00f3n, integraci\u00f3n y operaci\u00f3n.<\/p>\n<p><b>F\u00e1cil de integrar<\/b><\/p>\n<p>La impresora 220Xi4 se basa en este legado para aumentar su productividad operativa y brindarle sistemas mejorados de alerta temprana para reducir el tiempo de inactividad.\u00a0Otras caracter\u00edsticas de rendimiento incluyen un panel frontal grande y f\u00e1cil de leer para una configuraci\u00f3n simple con un men\u00fa personalizable opcional y soporte para una variedad m\u00e1s amplia de idiomas.\u00a0La integraci\u00f3n es m\u00e1s f\u00e1cil con una variedad de opciones de conectividad de red, mientras que las soluciones ZebraLink&#x2122; brindan capacidades de administraci\u00f3n remota de impresoras.<\/p>\n","protected":false},"excerpt":{"rendered":"<p>Aumente el tiempo de actividad de la impresora y reduzca la p\u00e9rdida de productividad y los costos de reparaci\u00f3n no presupuestados seleccionando un acuerdo de servicio Zebra\u00ae OneCare&#x2122;.\u00a0Un medio rentable de planificar y presupuestar sus gastos anuales de mantenimiento, su acuerdo garantiza que los t\u00e9cnicos capacitados de Zebra devolver\u00e1n su impresora a las especificaciones de f\u00e1brica.\u00a0Zebra ofrece una variedad de planes que se ajustan a su presupuesto y necesidades comerciales.<\/p>\n","protected":false},"featured_media":7942,"template":"","meta":{"inline_featured_image":false,"_joinchat":[]},"product_cat":[154,157,217],"product_tag":[162],"class_list":{"0":"post-7909","1":"product","2":"type-product","3":"status-publish","4":"has-post-thumbnail","6":"product_cat-impresoras","7":"product_cat-industriales","8":"product_cat-zebra","9":"product_tag-zebra","11":"first","12":"instock","13":"featured","14":"shipping-taxable","15":"product-type-simple"},"_links":{"self":[{"href":"https:\/\/telectronica.com.uy\/index.php?rest_route=\/wp\/v2\/product\/7909","targetHints":{"allow":["GET"]}}],"collection":[{"href":"https:\/\/telectronica.com.uy\/index.php?rest_route=\/wp\/v2\/product"}],"about":[{"href":"https:\/\/telectronica.com.uy\/index.php?rest_route=\/wp\/v2\/types\/product"}],"wp:featuredmedia":[{"embeddable":true,"href":"https:\/\/telectronica.com.uy\/index.php?rest_route=\/wp\/v2\/media\/7942"}],"wp:attachment":[{"href":"https:\/\/telectronica.com.uy\/index.php?rest_route=%2Fwp%2Fv2%2Fmedia&parent=7909"}],"wp:term":[{"taxonomy":"product_cat","embeddable":true,"href":"https:\/\/telectronica.com.uy\/index.php?rest_route=%2Fwp%2Fv2%2Fproduct_cat&post=7909"},{"taxonomy":"product_tag","embeddable":true,"href":"https:\/\/telectronica.com.uy\/index.php?rest_route=%2Fwp%2Fv2%2Fproduct_tag&post=7909"}],"curies":[{"name":"wp","href":"https:\/\/api.w.org\/{rel}","templated":true}]}}