{"id":7906,"date":"2022-10-20T16:15:05","date_gmt":"2022-10-20T16:15:05","guid":{"rendered":"https:\/\/telectronica.com.uy\/?post_type=product&#038;p=7906"},"modified":"2025-02-06T12:07:32","modified_gmt":"2025-02-06T15:07:32","slug":"zt600","status":"publish","type":"product","link":"https:\/\/telectronica.com.uy\/?product=zt600","title":{"rendered":"Impresora de etiquetas Industrial ZEBRA ZT610"},"content":{"rendered":"<div class=\"cmp-product-summary__intro\"><strong>Serie Xi de pr\u00f3xima generaci\u00f3n: ahora con m\u00e1s inteligencia y durabilidad industrial<\/strong><\/div>\n<div><\/div>\n<div class=\"cmp-product-summary__rte\" role=\"description\">La Series ZT600 contin\u00faa el legado de las impresoras Series Xi para combinar durabilidad resistente y rendimiento excepcional en una plataforma f\u00e1cil de usar y preparada para el futuro. Estos confiables dispositivos de pr\u00f3xima generaci\u00f3n est\u00e1n dise\u00f1ados para ayudarlo a lidiar con el cambiante panorama comercial. Si le preocupan las crecientes demandas en la l\u00ednea de producci\u00f3n, las complejidades operativas que aumentan d\u00eda a d\u00eda, la integraci\u00f3n de sistemas dispares o el control de los costos de inversi\u00f3n, las impresoras industriales Serie ZT600 son su mejor opci\u00f3n actual y futura.<\/div>\n<div role=\"description\"><\/div>\n<div role=\"description\">\n<h4><b>Fiabilidad en los entornos m\u00e1s hostiles las 24\u00a0horas del d\u00eda<\/b><\/h4>\n<p>Las impresoras Serie ZT600 est\u00e1n dise\u00f1adas para resistir las condiciones industriales m\u00e1s exigentes y eliminar casi por completo los tiempos de inactividad operativa causados por fallas en la impresora. Adem\u00e1s, satisfacen d\u00eda tras d\u00eda sus necesidades de altos vol\u00famenes de producci\u00f3n, con calidad y velocidad de impresi\u00f3n superiores en la m\u00e1s amplia gama de aplicaciones.<\/p>\n<h4><b>Impresi\u00f3n microconstante para etiquetas peque\u00f1as de la m\u00e1s alta calidad<\/b><\/h4>\n<p>Con un registro y ajuste de l\u00ednea de impresi\u00f3n extremadamente preciso, la ZT610 ofrece impresiones a 600\u00a0ppp en etiquetas peque\u00f1as de tan solo 3\u00a0mm de alto (longitud) para distintas aplicaciones, como placas de circuito, chips y componentes extremadamente peque\u00f1os, sin derrochar materiales costosos debido a malas impresiones.<\/p>\n<h4><b>Configuraci\u00f3n, uso, mantenimiento y resoluci\u00f3n de problemas sencillos<\/b><\/h4>\n<p>El intuitivo software Print\u00a0DNA, con tecnolog\u00eda Link-OS\u00ae, ofrece un nivel incomparable de inteligencia e innovaci\u00f3n para conectividad, administraci\u00f3n de dispositivos y controles de privacidad de avanzada. Las caracter\u00edsticas de dise\u00f1o f\u00e1ciles de usar, que incluyen una pantalla t\u00e1ctil a color opcional, agilizan todos los procesos, desde la implementaci\u00f3n y el uso diario hasta las tareas de mantenimiento de rutina. Gracias a la compatibilidad con otros sistemas y tecnolog\u00edas de impresi\u00f3n, la integraci\u00f3n y administraci\u00f3n son m\u00e1s simples. Los sensores incorporados, las herramientas de diagn\u00f3stico y los recursos de asistencia gu\u00edan a los usuarios durante las tareas de resoluci\u00f3n de problemas para que no tengan que llamar al servicio t\u00e9cnico cada vez que surja un inconveniente.<\/p>\n<h4><b>Plataformas extremadamente adaptables y preparadas para el futuro<\/b><\/h4>\n<p>Lo \u00faltimo que necesita es un dispositivo tecnol\u00f3gico que sea obsoleto en unos pocos a\u00f1os. Por eso dise\u00f1amos la Serie ZT600 pensando en el futuro: con un dise\u00f1o adaptable que habilita las comunicaciones, la administraci\u00f3n de materiales y las mejoras en el campo, compatibilidad con software de administraci\u00f3n de dispositivos SOTI y AirWatch, y aplicaciones de Link-OS intuitivas que simplifican las actualizaciones y reconfiguraciones seg\u00fan sea necesario.<\/p>\n<\/div>\n","protected":false},"excerpt":{"rendered":"<p>YY<\/p>\n","protected":false},"featured_media":8315,"template":"","meta":{"inline_featured_image":false,"_joinchat":[]},"product_cat":[154,157,217],"product_tag":[162],"class_list":{"0":"post-7906","1":"product","2":"type-product","3":"status-publish","4":"has-post-thumbnail","6":"product_cat-impresoras","7":"product_cat-industriales","8":"product_cat-zebra","9":"product_tag-zebra","11":"first","12":"instock","13":"featured","14":"shipping-taxable","15":"product-type-simple"},"_links":{"self":[{"href":"https:\/\/telectronica.com.uy\/index.php?rest_route=\/wp\/v2\/product\/7906","targetHints":{"allow":["GET"]}}],"collection":[{"href":"https:\/\/telectronica.com.uy\/index.php?rest_route=\/wp\/v2\/product"}],"about":[{"href":"https:\/\/telectronica.com.uy\/index.php?rest_route=\/wp\/v2\/types\/product"}],"wp:featuredmedia":[{"embeddable":true,"href":"https:\/\/telectronica.com.uy\/index.php?rest_route=\/wp\/v2\/media\/8315"}],"wp:attachment":[{"href":"https:\/\/telectronica.com.uy\/index.php?rest_route=%2Fwp%2Fv2%2Fmedia&parent=7906"}],"wp:term":[{"taxonomy":"product_cat","embeddable":true,"href":"https:\/\/telectronica.com.uy\/index.php?rest_route=%2Fwp%2Fv2%2Fproduct_cat&post=7906"},{"taxonomy":"product_tag","embeddable":true,"href":"https:\/\/telectronica.com.uy\/index.php?rest_route=%2Fwp%2Fv2%2Fproduct_tag&post=7906"}],"curies":[{"name":"wp","href":"https:\/\/api.w.org\/{rel}","templated":true}]}}