{"id":7905,"date":"2022-10-20T16:15:05","date_gmt":"2022-10-20T16:15:05","guid":{"rendered":"https:\/\/telectronica.com.uy\/?post_type=product&#038;p=7905"},"modified":"2025-04-04T14:25:23","modified_gmt":"2025-04-04T17:25:23","slug":"zq320","status":"publish","type":"product","link":"https:\/\/telectronica.com.uy\/?product=zq320","title":{"rendered":"Impresora de etiquetas port\u00e1til ZEBRA ZQ320"},"content":{"rendered":"<p>Las capacidades de impresi\u00f3n m\u00f3vil en su comercio minorista impactan directamente en la calidad del servicio al cliente y la productividad de los empleados. El tiempo que pasan sus trabajadores de campo confeccionando recibos podr\u00eda ser tiempo que dedican a m\u00e1s visitas a clientes. Las impresoras Serie ZQ300\/ZQ300 Plus de Zebra les permiten a sus empleados llevar a cabo cualquier tarea. Porque cuentan con la capacidad de imprimir recibos, los empleados pueden marcar ventas en cualquier lugar de la tienda. Y gracias a la impresi\u00f3n de etiquetas en el momento, los empleados de la tienda pueden aumentar y rebajar los precios, y realizar las auditor\u00edas de las etiquetas en las estanter\u00edas de manera m\u00e1s r\u00e1pida y precisa. Elija el esquema de color gris oscuro con un exterior resistente a raspones, que le brinda una protecci\u00f3n adicional para entornos exigentes y uso al aire libre, o el esquema de colores m\u00e1s contempor\u00e1neo plateado y negro, ideal para clientes minoristas orientados al dise\u00f1o. La Serie ZQ300 Plus ofrece las mismas caracter\u00edsticas y especificaciones que la Serie ZQ300, mediante una electr\u00f3nica redise\u00f1ada para la continuidad y disponibilidad del producto a largo plazo. Las impresoras ZQ300 Plus requieren firmware y controladores nuevos y diferentes.<\/p>\n<p><b>Una impresora, dos capacidades: recibos y etiquetas<\/b><\/p>\n<p>Ahora, las impresoras cumplen doble funci\u00f3n: la misma impresora que los empleados de la tienda usan para las transacciones en el punto de venta tambi\u00e9n pueden imprimir etiquetas para estanter\u00edas y para aumentos y rebajas de precios.<\/p>\n<p><b>Imprima en interiores y exteriores<\/b><\/p>\n<p>Gracias a la protecci\u00f3n\u00a0IP54 y a la compatibilidad con materiales resistentes al agua, puede tener la certeza de que el modelo para interiores y exteriores imprimir\u00e1 texto y c\u00f3digos de barras legibles por esc\u00e1neres y lectores, incluso bajo la lluvia o la nieve.<\/p>\n<p><b>Compatibilidad global con materiales<\/b><\/p>\n<p>La Serie ZQ300\/ZQ300 Plus es compatible con materiales cuyo ancho se adapta al sistema m\u00e9trico internacional y al sistema de EE.\u00a0UU.<\/p>\n<p><b>Menos desperdicio con materiales sin soporte<\/b><\/p>\n<p>Sea m\u00e1s ecol\u00f3gico con materiales sin soporte. Los trabajadores ya no tendr\u00e1n que manejar materiales con soporte usados en su turno. Y, gracias a que los materiales sin soporte cuentan con hasta un 60\u00a0% m\u00e1s de etiquetas por rollo, deber\u00e1 cambiar el rollo menos veces, lo que mejora el tiempo de actividad de la impresora y la productividad de los empleados.<\/p>\n","protected":false},"excerpt":{"rendered":"<p><b><a href=\"https:\/\/telectronica.com.uy\/wp-content\/uploads\/2022\/10\/1667265501552-1.jpg\"><img loading=\"lazy\" decoding=\"async\" class=\"alignnone size-medium wp-image-8137\" src=\"https:\/\/telectronica.com.uy\/wp-content\/uploads\/2022\/10\/1667265501552-1-300x47.jpg\" alt=\"\" width=\"300\" height=\"47\" srcset=\"https:\/\/telectronica.com.uy\/wp-content\/uploads\/2022\/10\/1667265501552-1-300x47.jpg 300w, https:\/\/telectronica.com.uy\/wp-content\/uploads\/2022\/10\/1667265501552-1-500x78.jpg 500w, https:\/\/telectronica.com.uy\/wp-content\/uploads\/2022\/10\/1667265501552-1.jpg 644w\" sizes=\"auto, (max-width: 300px) 100vw, 300px\" \/><\/a>Con\u00e9ctese a pr\u00e1cticamente cualquier dispositivo de mano<\/b><\/p>\n<p>Empareje la Serie ZQ300\/ZQ300 Plus con pr\u00e1cticamente todos los dispositivos m\u00f3viles: cualquier computadora de mano y tableta m\u00f3vil de Zebra con Bluetooth\u00ae, y con cualquier dispositivo con Android&#x2122;, iOS\u00ae, Windows\u00a0CE\u00ae y Windows\u00a0Mobile. Tambi\u00e9n cuenta con certificaci\u00f3n MFi para dispositivos iOS.<\/p>\n","protected":false},"featured_media":8772,"template":"","meta":{"inline_featured_image":false,"_joinchat":[]},"product_cat":[154,156,217],"product_tag":[162],"class_list":{"0":"post-7905","1":"product","2":"type-product","3":"status-publish","4":"has-post-thumbnail","6":"product_cat-impresoras","7":"product_cat-portatiles","8":"product_cat-zebra","9":"product_tag-zebra","11":"first","12":"instock","13":"featured","14":"shipping-taxable","15":"product-type-simple"},"_links":{"self":[{"href":"https:\/\/telectronica.com.uy\/index.php?rest_route=\/wp\/v2\/product\/7905","targetHints":{"allow":["GET"]}}],"collection":[{"href":"https:\/\/telectronica.com.uy\/index.php?rest_route=\/wp\/v2\/product"}],"about":[{"href":"https:\/\/telectronica.com.uy\/index.php?rest_route=\/wp\/v2\/types\/product"}],"wp:featuredmedia":[{"embeddable":true,"href":"https:\/\/telectronica.com.uy\/index.php?rest_route=\/wp\/v2\/media\/8772"}],"wp:attachment":[{"href":"https:\/\/telectronica.com.uy\/index.php?rest_route=%2Fwp%2Fv2%2Fmedia&parent=7905"}],"wp:term":[{"taxonomy":"product_cat","embeddable":true,"href":"https:\/\/telectronica.com.uy\/index.php?rest_route=%2Fwp%2Fv2%2Fproduct_cat&post=7905"},{"taxonomy":"product_tag","embeddable":true,"href":"https:\/\/telectronica.com.uy\/index.php?rest_route=%2Fwp%2Fv2%2Fproduct_tag&post=7905"}],"curies":[{"name":"wp","href":"https:\/\/api.w.org\/{rel}","templated":true}]}}