{"id":7904,"date":"2022-10-20T16:15:04","date_gmt":"2022-10-20T16:15:04","guid":{"rendered":"https:\/\/telectronica.com.uy\/?post_type=product&#038;p=7904"},"modified":"2024-12-19T09:39:07","modified_gmt":"2024-12-19T12:39:07","slug":"zq521","status":"publish","type":"product","link":"https:\/\/telectronica.com.uy\/?product=zq521","title":{"rendered":"Impresora de etiquetas port\u00e1til ZEBRA ZQ521"},"content":{"rendered":"<p>La serie ZQ500 de Zebra ahora es m\u00e1s resistente.\u00a0Las impresoras premium ZQ511 y ZQ521, ambas disponibles en modelos RFID, le brindan la mejor impresi\u00f3n m\u00f3vil robusta de su clase para aplicaciones en cualquier industria.\u00a0Experimente la m\u00e1xima durabilidad.\u00a0Dise\u00f1adas para condiciones duras y exigentes en interiores y exteriores, estas impresoras pueden soportar ca\u00eddas, ca\u00eddas, accidentes y condiciones ambientales extremas que son comunes en los lugares de trabajo m\u00f3viles.\u00a0Las caracter\u00edsticas adicionales, la durabilidad mejorada y el dise\u00f1o de grado militar significan que esta impresora trabajar\u00e1 tan duro como usted.<\/p>\n<p>Necesita una impresora m\u00f3vil que pueda manejar abusos graves.\u00a0Dise\u00f1adas y certificadas para cumplir con MIL-STD 810G para ca\u00eddas y golpes, y probadas contra ca\u00eddas seg\u00fan la especificaci\u00f3n IEC68-2-32 para manejar 1300 ca\u00eddas desde 3,3 pies\/1 m, las impresoras ZQ511 y ZQ521 pueden soportar m\u00e1s que la impresora m\u00f3vil promedio .<\/p>\n<p>La protecci\u00f3n contra el ingreso de s\u00f3lidos y l\u00edquidos no es un problema con una clasificaci\u00f3n IP54 desde el primer momento sin necesidad de una funda protectora.<\/p>\n<p>Si esto no es suficiente para convencerlo de que se trata de impresoras m\u00f3viles ultrarresistentes, tambi\u00e9n ofrecemos un estuche de exoesqueleto opcional que aumenta nuestras pruebas de ca\u00edda est\u00e1ndar de 6,6 pies a 10 pies y mejora la clasificaci\u00f3n IP a IP65.<\/p>\n<p>El nuevo sobremoldeado ayuda a aumentar la longevidad y mantiene su ZQ500 Series en buen estado durante la vida \u00fatil de la impresora.<\/p>\n","protected":false},"excerpt":{"rendered":"<p>Optimizadas para la impresi\u00f3n de recibos bajo demanda en anchos de impresi\u00f3n de 3 pulg.\/72 mm y 4 pulg.\/104 mm, las impresoras ZQ511 y ZQ521 tambi\u00e9n imprimen una variedad de etiquetas, incluidas etiquetas UHF RFID para todas sus necesidades de seguimiento.\u00a0Zebra lidera la industria en movilidad RFID con impresoras m\u00f3viles como parte de su cartera integral de RFID, lo que lo ayuda a reducir errores e imprimir y codificar etiquetas RFID sobre la marcha.<\/p>\n","protected":false},"featured_media":8156,"template":"","meta":{"inline_featured_image":false,"_joinchat":[]},"product_cat":[154,156],"product_tag":[162],"class_list":{"0":"post-7904","1":"product","2":"type-product","3":"status-publish","4":"has-post-thumbnail","6":"product_cat-impresoras","7":"product_cat-portatiles","8":"product_tag-zebra","10":"first","11":"instock","12":"featured","13":"shipping-taxable","14":"product-type-simple"},"_links":{"self":[{"href":"https:\/\/telectronica.com.uy\/index.php?rest_route=\/wp\/v2\/product\/7904","targetHints":{"allow":["GET"]}}],"collection":[{"href":"https:\/\/telectronica.com.uy\/index.php?rest_route=\/wp\/v2\/product"}],"about":[{"href":"https:\/\/telectronica.com.uy\/index.php?rest_route=\/wp\/v2\/types\/product"}],"wp:featuredmedia":[{"embeddable":true,"href":"https:\/\/telectronica.com.uy\/index.php?rest_route=\/wp\/v2\/media\/8156"}],"wp:attachment":[{"href":"https:\/\/telectronica.com.uy\/index.php?rest_route=%2Fwp%2Fv2%2Fmedia&parent=7904"}],"wp:term":[{"taxonomy":"product_cat","embeddable":true,"href":"https:\/\/telectronica.com.uy\/index.php?rest_route=%2Fwp%2Fv2%2Fproduct_cat&post=7904"},{"taxonomy":"product_tag","embeddable":true,"href":"https:\/\/telectronica.com.uy\/index.php?rest_route=%2Fwp%2Fv2%2Fproduct_tag&post=7904"}],"curies":[{"name":"wp","href":"https:\/\/api.w.org\/{rel}","templated":true}]}}