{"id":7903,"date":"2022-10-20T16:15:04","date_gmt":"2022-10-20T16:15:04","guid":{"rendered":"https:\/\/telectronica.com.uy\/?post_type=product&#038;p=7903"},"modified":"2024-12-19T09:18:15","modified_gmt":"2024-12-19T12:18:15","slug":"zq620","status":"publish","type":"product","link":"https:\/\/telectronica.com.uy\/?product=zq620","title":{"rendered":"Impresora de etiquetas port\u00e1til ZEBRA ZQ620 Plus"},"content":{"rendered":"<p>\u00bfDesea mejorar la administraci\u00f3n del inventario y el servicio al cliente en su tienda? Con la impresora m\u00f3vil Serie ZQ600\/ZQ600 Plus, puede hacerlo. La Serie ZQ600\/ZQ600 Plus toma la popular plataforma QLn de Zebra y la mejora a\u00fan m\u00e1s, al agregar tecnolog\u00eda avanzada y dise\u00f1o innovador que llevan la productividad, la facilidad de uso y la capacidad de administraci\u00f3n a otro nivel. La pantalla a color grande facilita consultar el estado de la impresora. La tecnolog\u00eda avanzada y la mayor capacidad de la bater\u00eda alimentan cada periodo de trabajo. La caracter\u00edstica de activaci\u00f3n instant\u00e1nea garantiza que la Serie ZQ600\/ZQ600 Plus nunca se desactive en el trabajo. Sus trabajadores obtendr\u00e1n las conexiones inal\u00e1mbricas m\u00e1s r\u00e1pidas y confiables en interiores y su departamento de TI descubrir\u00e1 que la Serie ZQ600\/ZQ600 Plus es m\u00e1s f\u00e1cil de integrar, administrar, configurar y asegurar. La Serie ZQ600\/ZQ600 Plus: la evoluci\u00f3n del est\u00e1ndar de excelencia para la impresi\u00f3n m\u00f3vil de etiquetas y recibos. La Serie ZQ600 Plus ofrece las mismas caracter\u00edsticas y especificaciones que la Serie ZQ600, mediante una electr\u00f3nica redise\u00f1ada para la continuidad y disponibilidad del producto a largo plazo. Las impresoras ZQ600 Plus requieren firmware y controladores nuevos y diferentes.<\/p>\n<p><b>Itinerancia r\u00e1pida 802.11r est\u00e1ndar en la industria para un acceso fluido<\/b><\/p>\n<p>Gracias a la compatibilidad con la tecnolog\u00eda de itinerancia r\u00e1pida 802.11r, sus trabajadores cuentan con la conexi\u00f3n confiable que necesitan para moverse.<\/p>\n<p><b>Reactivaci\u00f3n instant\u00e1nea por wifi<\/b><\/p>\n<p>Esta impresora inteligente cambia al modo suspensi\u00f3n cuando est\u00e1 inactiva y se reactiva autom\u00e1ticamente cuando el usuario env\u00eda un trabajo de impresi\u00f3n. Y la activaci\u00f3n instant\u00e1nea de la Serie ZQ600\/ZQ600 Plus funciona con wifi\u00a0y Bluetooth.<\/p>\n<p><b>Con la pantalla a color grande, la configuraci\u00f3n y operaci\u00f3n son muy sencillas<\/b><\/p>\n<p>La Serie ZQ600\/ZQ600 Plus ofrece una pantalla grande, una interfaz intuitiva y un men\u00fa f\u00e1cil de personalizar. La Serie ZQ600\/ZQ600 Plus est\u00e1 basada en el sistema de men\u00fas Link-OS de Zebra para brindar una experiencia de usuario igual a las de otras impresoras m\u00f3viles, de escritorio e industriales con Link-OS de Zebra.<\/p>\n","protected":false},"excerpt":{"rendered":"<h3>CARACTER\u00cdSTICAS DE PRIMER NIVEL PARA M\u00c1XIMA PRODUCTIVIDAD<\/h3>\n<p><b>Las conexiones inal\u00e1mbricas m\u00e1s recientes<\/b><\/p>\n<p>La Serie ZQ600\/ZQ600 Plus ofrece las conexiones inal\u00e1mbricas m\u00e1s r\u00e1pidas y confiables para uso en interiores. Gracias a la compatibilidad con wifi\u00a0802.11ac y los protocolos de seguridad m\u00e1s modernos, adem\u00e1s de Bluetooth est\u00e1ndar y Bluetooth\u00ae de bajo consumo (BLE, por sus siglas en ingl\u00e9s), sus trabajadores obtienen conexiones incre\u00edblemente r\u00e1pidas y seguras.<\/p>\n","protected":false},"featured_media":8140,"template":"","meta":{"inline_featured_image":false,"_joinchat":[]},"product_cat":[154,156,217],"product_tag":[162],"class_list":{"0":"post-7903","1":"product","2":"type-product","3":"status-publish","4":"has-post-thumbnail","6":"product_cat-impresoras","7":"product_cat-portatiles","8":"product_cat-zebra","9":"product_tag-zebra","11":"first","12":"instock","13":"featured","14":"shipping-taxable","15":"product-type-simple"},"_links":{"self":[{"href":"https:\/\/telectronica.com.uy\/index.php?rest_route=\/wp\/v2\/product\/7903","targetHints":{"allow":["GET"]}}],"collection":[{"href":"https:\/\/telectronica.com.uy\/index.php?rest_route=\/wp\/v2\/product"}],"about":[{"href":"https:\/\/telectronica.com.uy\/index.php?rest_route=\/wp\/v2\/types\/product"}],"wp:featuredmedia":[{"embeddable":true,"href":"https:\/\/telectronica.com.uy\/index.php?rest_route=\/wp\/v2\/media\/8140"}],"wp:attachment":[{"href":"https:\/\/telectronica.com.uy\/index.php?rest_route=%2Fwp%2Fv2%2Fmedia&parent=7903"}],"wp:term":[{"taxonomy":"product_cat","embeddable":true,"href":"https:\/\/telectronica.com.uy\/index.php?rest_route=%2Fwp%2Fv2%2Fproduct_cat&post=7903"},{"taxonomy":"product_tag","embeddable":true,"href":"https:\/\/telectronica.com.uy\/index.php?rest_route=%2Fwp%2Fv2%2Fproduct_tag&post=7903"}],"curies":[{"name":"wp","href":"https:\/\/api.w.org\/{rel}","templated":true}]}}