{"id":7900,"date":"2022-10-20T16:15:04","date_gmt":"2022-10-20T16:15:04","guid":{"rendered":"https:\/\/telectronica.com.uy\/?post_type=product&#038;p=7900"},"modified":"2024-12-19T09:18:13","modified_gmt":"2024-12-19T12:18:13","slug":"ds9308","status":"publish","type":"product","link":"https:\/\/telectronica.com.uy\/?product=ds9308","title":{"rendered":"Lector de Mesa ZEBRA DS9308"},"content":{"rendered":"<p>Desde tiendas de conveniencia y farmacias hasta restaurantes de servicio r\u00e1pido y otros entornos minoristas: el espacio de mostrador es limitado, los golpes y los derrames pueden ocurrir todos los d\u00edas, y la necesidad de una alta satisfacci\u00f3n del cliente siempre es cr\u00edtica.\u00a0Presentamos la serie DS9300, el esc\u00e1ner de presentaci\u00f3n que se adapta a cualquier lugar, escanea todo y est\u00e1 dise\u00f1ado para brindar confiabilidad durante todo el d\u00eda.\u00a0Obtiene un factor de forma compacto junto con una est\u00e9tica elegante, ideal para boutiques de moda o tiendas de conveniencia con espacio limitado en el mostrador de pago.\u00a0Con la capacidad de escanear c\u00f3digos de barras desafiantes en su punto de venta, obtiene un rendimiento inigualable para tiempos de pago m\u00e1s r\u00e1pidos y clientes m\u00e1s felices, junto con un dise\u00f1o dise\u00f1ado para manejar ca\u00eddas, golpes y derrames diarios para mantenerlo en funcionamiento.\u00a0La serie DS9300: el peque\u00f1o esc\u00e1ner de presentaci\u00f3n con una gran funcionalidad.<\/p>\n<p>Capture r\u00e1pida y f\u00e1cilmente c\u00f3digos de barras 1D y 2D, incluidos c\u00f3digos diminutos de alta densidad, c\u00f3digos impresos en una etiqueta o mostrados en un tel\u00e9fono, c\u00f3digos DotCode y DataMatrix punteados a trav\u00e9s de celof\u00e1n, as\u00ed como nuevos c\u00f3digos invisibles Digimarc.\u00a0La tecnolog\u00eda de punta de la serie DS9300 de Zebra captura c\u00f3digos de barras en pr\u00e1cticamente cualquier condici\u00f3n, en cualquier medio.\u00a0El microprocesador de 800 MHz, el sensor de megap\u00edxeles de alta resoluci\u00f3n y la exclusiva tecnolog\u00eda PRZM Intelligent Imaging de Zebra trabajan juntos para capturar f\u00e1cilmente c\u00f3digos de barras mal impresos, da\u00f1ados, arrugados, descoloridos, truncados y de bajo contraste.\u00a0La ventana de salida curva ayuda a minimizar la luz par\u00e1sita, lo que reduce los reflejos de los c\u00f3digos de barras impresos en papel brillante o que se muestran en una pantalla que puede cegar al sensor.<\/p>\n","protected":false},"excerpt":{"rendered":"<p>El nuevo dise\u00f1o de la serie DS9300 est\u00e1 en casa en todas partes, desde la boutique m\u00e1s moderna hasta una tienda de conveniencia de petr\u00f3leo.\u00a0Con un espacio casi nulo, siempre hay espacio para la serie DS9300, sin importar cu\u00e1n limitado sea el espacio de sus mostradores.\u00a0Y el conector del cable en \u00e1ngulo de 45\u00b0 reduce el espacio ya peque\u00f1o, incluso cuando el esc\u00e1ner est\u00e1 inclinado hacia adelante.<\/p>\n","protected":false},"featured_media":8325,"template":"","meta":{"inline_featured_image":false,"_joinchat":[]},"product_cat":[150,177,217],"product_tag":[162],"class_list":{"0":"post-7900","1":"product","2":"type-product","3":"status-publish","4":"has-post-thumbnail","6":"product_cat-lectores","7":"product_cat-fijos-de-mesa","8":"product_cat-zebra","9":"product_tag-zebra","11":"first","12":"instock","13":"featured","14":"shipping-taxable","15":"product-type-simple"},"_links":{"self":[{"href":"https:\/\/telectronica.com.uy\/index.php?rest_route=\/wp\/v2\/product\/7900","targetHints":{"allow":["GET"]}}],"collection":[{"href":"https:\/\/telectronica.com.uy\/index.php?rest_route=\/wp\/v2\/product"}],"about":[{"href":"https:\/\/telectronica.com.uy\/index.php?rest_route=\/wp\/v2\/types\/product"}],"wp:featuredmedia":[{"embeddable":true,"href":"https:\/\/telectronica.com.uy\/index.php?rest_route=\/wp\/v2\/media\/8325"}],"wp:attachment":[{"href":"https:\/\/telectronica.com.uy\/index.php?rest_route=%2Fwp%2Fv2%2Fmedia&parent=7900"}],"wp:term":[{"taxonomy":"product_cat","embeddable":true,"href":"https:\/\/telectronica.com.uy\/index.php?rest_route=%2Fwp%2Fv2%2Fproduct_cat&post=7900"},{"taxonomy":"product_tag","embeddable":true,"href":"https:\/\/telectronica.com.uy\/index.php?rest_route=%2Fwp%2Fv2%2Fproduct_tag&post=7900"}],"curies":[{"name":"wp","href":"https:\/\/api.w.org\/{rel}","templated":true}]}}