{"id":7899,"date":"2022-10-20T16:15:04","date_gmt":"2022-10-20T16:15:04","guid":{"rendered":"https:\/\/telectronica.com.uy\/?post_type=product&#038;p=7899"},"modified":"2024-12-19T09:18:14","modified_gmt":"2024-12-19T12:18:14","slug":"ds7708","status":"publish","type":"product","link":"https:\/\/telectronica.com.uy\/?product=ds7708","title":{"rendered":"Lector de mesa ZEBRA DS7708"},"content":{"rendered":"<p>Cuando se trata de escaneado en el mostrador, el DS7708 ofrece un conjunto de caracter\u00edsticas que lo coloca en la cima de su clase en cuanto a rendimiento, facilidad de implementaci\u00f3n y costo total de propiedad.\u00a0Independientemente de los c\u00f3digos de barras que aparezcan en su POS, el DS7708 puede escanearlos todos (1D, 2D, impresos y electr\u00f3nicos) tan r\u00e1pido como sus cajeros pueden pasar los art\u00edculos por la ventana de escaneo.\u00a0Con su dise\u00f1o compacto, el DS7708 se puede instalar f\u00e1cilmente incluso en las l\u00edneas de caja con m\u00e1s espacio limitado.\u00a0Y la extraordinaria durabilidad minimiza los costos y protege el tiempo de actividad, lo que maximiza el ciclo de vida del dispositivo y el retorno de la inversi\u00f3n.<\/p>\n<p><b>Velocidades de deslizamiento de pr\u00f3xima generaci\u00f3n de hasta 100 pulg.\/2,5 m por segundo<\/b><\/p>\n<p>Permite a los usuarios capturar c\u00f3digos de barras tan r\u00e1pido como pueden pasar elementos frente a la ventana de escaneo.<\/p>\n<p><b>Mayor campo de visi\u00f3n y escaneo omnidireccional para una simplicidad de escaneo imperdible de \u00abdeslizar y listo\u00bb<\/b><\/p>\n<p>Un campo de visi\u00f3n que es m\u00e1s del 50 por ciento m\u00e1s grande que el de los generadores de im\u00e1genes 2D de la competencia permite una f\u00e1cil captura de c\u00f3digos de barras, independientemente de d\u00f3nde se encuentren en un art\u00edculo.\u00a0Escanear es realmente una segunda naturaleza: no es necesario orientar un elemento para capturar el c\u00f3digo de barras.<\/p>\n","protected":false},"excerpt":{"rendered":"<p>Escanee pr\u00e1cticamente cualquier c\u00f3digo de barras, en cualquier condici\u00f3n, en cualquier medio<\/p>\n<p>Captura desde la primera vez de c\u00f3digos de barras 1D y 2D que se muestran en dispositivos m\u00f3viles o impresos en etiquetas de papel, incluso si est\u00e1n da\u00f1ados, mal impresos o sucios.<\/p>\n<p>Tecnolog\u00eda de im\u00e1genes inteligentes PRZM para un rendimiento de escaneo de pr\u00f3xima generaci\u00f3n<\/p>\n<p>Restablece el list\u00f3n de las im\u00e1genes 2D al mejorar el rendimiento y la agilidad de la decodificaci\u00f3n, lo que mejora dr\u00e1sticamente la experiencia del usuario, la productividad del usuario, el rendimiento y los tiempos de espera del cliente.<\/p>\n","protected":false},"featured_media":7933,"template":"","meta":{"inline_featured_image":false,"_joinchat":[]},"product_cat":[150,177,217],"product_tag":[162],"class_list":{"0":"post-7899","1":"product","2":"type-product","3":"status-publish","4":"has-post-thumbnail","6":"product_cat-lectores","7":"product_cat-fijos-de-mesa","8":"product_cat-zebra","9":"product_tag-zebra","11":"first","12":"instock","13":"featured","14":"shipping-taxable","15":"product-type-simple"},"_links":{"self":[{"href":"https:\/\/telectronica.com.uy\/index.php?rest_route=\/wp\/v2\/product\/7899","targetHints":{"allow":["GET"]}}],"collection":[{"href":"https:\/\/telectronica.com.uy\/index.php?rest_route=\/wp\/v2\/product"}],"about":[{"href":"https:\/\/telectronica.com.uy\/index.php?rest_route=\/wp\/v2\/types\/product"}],"wp:featuredmedia":[{"embeddable":true,"href":"https:\/\/telectronica.com.uy\/index.php?rest_route=\/wp\/v2\/media\/7933"}],"wp:attachment":[{"href":"https:\/\/telectronica.com.uy\/index.php?rest_route=%2Fwp%2Fv2%2Fmedia&parent=7899"}],"wp:term":[{"taxonomy":"product_cat","embeddable":true,"href":"https:\/\/telectronica.com.uy\/index.php?rest_route=%2Fwp%2Fv2%2Fproduct_cat&post=7899"},{"taxonomy":"product_tag","embeddable":true,"href":"https:\/\/telectronica.com.uy\/index.php?rest_route=%2Fwp%2Fv2%2Fproduct_tag&post=7899"}],"curies":[{"name":"wp","href":"https:\/\/api.w.org\/{rel}","templated":true}]}}